{"id":5021,"date":"2021-03-14T16:49:49","date_gmt":"2021-03-14T15:49:49","guid":{"rendered":"https:\/\/mbac.preview.tammen.de\/daar-geraken\/"},"modified":"2023-11-19T22:20:15","modified_gmt":"2023-11-19T21:20:15","slug":"daar-komen","status":"publish","type":"page","link":"https:\/\/eynattener-muehle.be\/nl\/daar-komen\/","title":{"rendered":"Daar komen"},"content":{"rendered":"\t\t<div data-elementor-type=\"wp-page\" data-elementor-id=\"5021\" class=\"elementor elementor-5021 elementor-1022\" data-elementor-post-type=\"page\">\n\t\t\t\t\t\t<section class=\"elementor-section elementor-top-section elementor-element elementor-element-77bb985 elementor-section-height-min-height elementor-section-full_width elementor-section-height-default elementor-section-items-middle\" data-id=\"77bb985\" data-element_type=\"section\" data-e-type=\"section\">\n\t\t\t\t\t\t<div class=\"elementor-container elementor-column-gap-default\">\n\t\t\t\t\t<div class=\"elementor-column elementor-col-100 elementor-top-column elementor-element elementor-element-cb5c8a8\" data-id=\"cb5c8a8\" data-element_type=\"column\" data-e-type=\"column\">\n\t\t\t<div class=\"elementor-widget-wrap elementor-element-populated\">\n\t\t\t\t\t\t<div class=\"elementor-element elementor-element-21168fc elementor-widget elementor-widget-image\" data-id=\"21168fc\" data-element_type=\"widget\" data-e-type=\"widget\" data-widget_type=\"image.default\">\n\t\t\t\t<div class=\"elementor-widget-container\">\n\t\t\t\t\t\t\t\t\t\t\t\t\t\t\t<img fetchpriority=\"high\" decoding=\"async\" width=\"1920\" height=\"520\" src=\"https:\/\/eynattener-muehle.be\/wp-content\/uploads\/2023\/10\/diverses-Eynattener-Muehle-01-1.jpg\" class=\"attachment-full size-full wp-image-9652\" alt=\"\" srcset=\"https:\/\/eynattener-muehle.be\/wp-content\/uploads\/2023\/10\/diverses-Eynattener-Muehle-01-1.jpg 1920w, https:\/\/eynattener-muehle.be\/wp-content\/uploads\/2023\/10\/diverses-Eynattener-Muehle-01-1-300x81.jpg 300w, https:\/\/eynattener-muehle.be\/wp-content\/uploads\/2023\/10\/diverses-Eynattener-Muehle-01-1-1024x277.jpg 1024w, https:\/\/eynattener-muehle.be\/wp-content\/uploads\/2023\/10\/diverses-Eynattener-Muehle-01-1-150x41.jpg 150w, https:\/\/eynattener-muehle.be\/wp-content\/uploads\/2023\/10\/diverses-Eynattener-Muehle-01-1-768x208.jpg 768w, https:\/\/eynattener-muehle.be\/wp-content\/uploads\/2023\/10\/diverses-Eynattener-Muehle-01-1-1536x416.jpg 1536w\" sizes=\"(max-width: 1920px) 100vw, 1920px\" \/>\t\t\t\t\t\t\t\t\t\t\t\t\t\t\t<\/div>\n\t\t\t\t<\/div>\n\t\t\t\t\t<\/div>\n\t\t<\/div>\n\t\t\t\t\t<\/div>\n\t\t<\/section>\n\t\t\t\t<section class=\"elementor-section elementor-top-section elementor-element elementor-element-4b00a67 elementor-section-boxed elementor-section-height-default elementor-section-height-default\" data-id=\"4b00a67\" data-element_type=\"section\" data-e-type=\"section\">\n\t\t\t\t\t\t<div class=\"elementor-container elementor-column-gap-default\">\n\t\t\t\t\t<div class=\"elementor-column elementor-col-100 elementor-top-column elementor-element elementor-element-449ec78\" data-id=\"449ec78\" data-element_type=\"column\" data-e-type=\"column\">\n\t\t\t<div class=\"elementor-widget-wrap elementor-element-populated\">\n\t\t\t\t\t\t<div class=\"elementor-element elementor-element-e23b43d elementor-widget elementor-widget-spacer\" data-id=\"e23b43d\" data-element_type=\"widget\" data-e-type=\"widget\" data-widget_type=\"spacer.default\">\n\t\t\t\t<div class=\"elementor-widget-container\">\n\t\t\t\t\t\t\t<div class=\"elementor-spacer\">\n\t\t\t<div class=\"elementor-spacer-inner\"><\/div>\n\t\t<\/div>\n\t\t\t\t\t\t<\/div>\n\t\t\t\t<\/div>\n\t\t\t\t\t<\/div>\n\t\t<\/div>\n\t\t\t\t\t<\/div>\n\t\t<\/section>\n\t\t\t\t<section class=\"elementor-section elementor-top-section elementor-element elementor-element-598c777 elementor-section-boxed elementor-section-height-default elementor-section-height-default\" data-id=\"598c777\" data-element_type=\"section\" data-e-type=\"section\">\n\t\t\t\t\t\t<div class=\"elementor-container elementor-column-gap-default\">\n\t\t\t\t\t<div class=\"elementor-column elementor-col-50 elementor-top-column elementor-element elementor-element-87c00fc\" data-id=\"87c00fc\" data-element_type=\"column\" data-e-type=\"column\">\n\t\t\t<div class=\"elementor-widget-wrap elementor-element-populated\">\n\t\t\t\t\t\t<div class=\"elementor-element elementor-element-280e4b5 elementor-widget elementor-widget-heading\" data-id=\"280e4b5\" data-element_type=\"widget\" data-e-type=\"widget\" data-widget_type=\"heading.default\">\n\t\t\t\t<div class=\"elementor-widget-container\">\n\t\t\t\t\t<h1 class=\"elementor-heading-title elementor-size-default\">DAAR KOMEN<\/h1>\t\t\t\t<\/div>\n\t\t\t\t<\/div>\n\t\t\t\t<div class=\"elementor-element elementor-element-a24006c elementor-widget elementor-widget-image\" data-id=\"a24006c\" data-element_type=\"widget\" data-e-type=\"widget\" data-widget_type=\"image.default\">\n\t\t\t\t<div class=\"elementor-widget-container\">\n\t\t\t\t\t\t\t\t\t\t\t\t\t\t\t<img decoding=\"async\" src=\"https:\/\/eynattener-muehle.be\/wp-content\/uploads\/2021\/02\/trenner_casa_maria_d_lago_terracotta_duenn.svg\" class=\"attachment-full size-full wp-image-3690\" alt=\"\" \/>\t\t\t\t\t\t\t\t\t\t\t\t\t\t\t<\/div>\n\t\t\t\t<\/div>\n\t\t\t\t<div class=\"elementor-element elementor-element-2dab6e8 elementor-widget elementor-widget-text-editor\" data-id=\"2dab6e8\" data-element_type=\"widget\" data-e-type=\"widget\" data-widget_type=\"text-editor.default\">\n\t\t\t\t<div class=\"elementor-widget-container\">\n\t\t\t\t\t\t\t\t\t<p><b style=\"color: #67173c;\">EYNATTENER M\u00dcHLE<\/b><br \/>\r\n<b style=\"color: #67173c;\">Vakantieappartement . Vakantiehuis<\/b><\/p>\r\n<p><span style=\"color: #000000; font-size: 1.1em;\">Eynattener M\u00fchle 8<br \/>\r\n<\/span><span style=\"color: #000000; font-size: 1.1em;\">4731 Eynatten<br \/>\r\n<\/span>BELGI\u00cb<\/p>\r\n<p><a href=\"mailto:contact@eynattener-muehle.be\" target=\"_blank\" rel=\"noopener\">contact@eynattener-muehle.be<\/a> <br \/>\r\n<span style=\"color: #000000;\">www.eynattener-muehle.de<\/span><\/p>\t\t\t\t\t\t\t\t<\/div>\n\t\t\t\t<\/div>\n\t\t\t\t\t<\/div>\n\t\t<\/div>\n\t\t\t\t<div class=\"elementor-column elementor-col-50 elementor-top-column elementor-element elementor-element-56262b1\" data-id=\"56262b1\" data-element_type=\"column\" data-e-type=\"column\">\n\t\t\t<div class=\"elementor-widget-wrap elementor-element-populated\">\n\t\t\t\t\t\t<div class=\"elementor-element elementor-element-ca18739 elementor-widget elementor-widget-spacer\" data-id=\"ca18739\" data-element_type=\"widget\" data-e-type=\"widget\" data-widget_type=\"spacer.default\">\n\t\t\t\t<div class=\"elementor-widget-container\">\n\t\t\t\t\t\t\t<div class=\"elementor-spacer\">\n\t\t\t<div class=\"elementor-spacer-inner\"><\/div>\n\t\t<\/div>\n\t\t\t\t\t\t<\/div>\n\t\t\t\t<\/div>\n\t\t\t\t<div class=\"elementor-element elementor-element-6ab6da6 elementor-widget elementor-widget-image\" data-id=\"6ab6da6\" data-element_type=\"widget\" data-e-type=\"widget\" data-widget_type=\"image.default\">\n\t\t\t\t<div class=\"elementor-widget-container\">\n\t\t\t\t\t\t\t\t\t\t\t\t\t\t\t<img decoding=\"async\" width=\"1\" height=\"1\" src=\"https:\/\/eynattener-muehle.be\/wp-content\/uploads\/2021\/02\/story_trips_purpur.svg\" class=\"attachment-large size-large wp-image-3972\" alt=\"\" \/>\t\t\t\t\t\t\t\t\t\t\t\t\t\t\t<\/div>\n\t\t\t\t<\/div>\n\t\t\t\t<div class=\"elementor-element elementor-element-2cbe5e3 elementor-widget elementor-widget-text-editor\" data-id=\"2cbe5e3\" data-element_type=\"widget\" data-e-type=\"widget\" data-widget_type=\"text-editor.default\">\n\t\t\t\t<div class=\"elementor-widget-container\">\n\t\t\t\t\t\t\t\t\t<p><span style=\"color: #67173c;\">Check<strong>IN<\/strong><\/span><br \/>\r\nvanaf 15:00 uur<\/p>\r\n<p><em>Late aankomst is geen probleem. U maakt gebruik van onze sleutelkluis.<\/em><\/p>\r\n<p><span style=\"color: #67173c;\">Check<strong>OUT<br \/>\r\n<\/strong><\/span>tot 11.00 uur<\/p>\r\n<p><em>Uitzonderingen kunnen met ons worden besproken.<\/em><\/p>\t\t\t\t\t\t\t\t<\/div>\n\t\t\t\t<\/div>\n\t\t\t\t\t<\/div>\n\t\t<\/div>\n\t\t\t\t\t<\/div>\n\t\t<\/section>\n\t\t\t\t<section class=\"elementor-section elementor-top-section elementor-element elementor-element-897099e elementor-section-boxed elementor-section-height-default elementor-section-height-default\" data-id=\"897099e\" data-element_type=\"section\" data-e-type=\"section\">\n\t\t\t\t\t\t<div class=\"elementor-container elementor-column-gap-default\">\n\t\t\t\t\t<div class=\"elementor-column elementor-col-100 elementor-top-column elementor-element elementor-element-859ad18\" data-id=\"859ad18\" data-element_type=\"column\" data-e-type=\"column\">\n\t\t\t<div class=\"elementor-widget-wrap elementor-element-populated\">\n\t\t\t\t\t\t<div class=\"elementor-element elementor-element-656aa9a elementor-widget elementor-widget-google_maps\" data-id=\"656aa9a\" data-element_type=\"widget\" data-e-type=\"widget\" data-widget_type=\"google_maps.default\">\n\t\t\t\t<div class=\"elementor-widget-container\">\n\t\t\t\t\t\t\t<div class=\"elementor-custom-embed\">\n\t\t\t<iframe loading=\"lazy\"\n\t\t\t\t\tsrc=\"https:\/\/maps.google.com\/maps?q=Aachener%20Str.%20109%20.%204731%20Eynatten%20.%20BELGIEN&#038;t=m&#038;z=15&#038;output=embed&#038;iwloc=near\"\n\t\t\t\t\ttitle=\"Aachener Str. 109 . 4731 Eynatten . BELGIEN\"\n\t\t\t\t\taria-label=\"Aachener Str. 109 . 4731 Eynatten . BELGIEN\"\n\t\t\t><\/iframe>\n\t\t<\/div>\n\t\t\t\t\t\t<\/div>\n\t\t\t\t<\/div>\n\t\t\t\t\t<\/div>\n\t\t<\/div>\n\t\t\t\t\t<\/div>\n\t\t<\/section>\n\t\t\t\t<section class=\"elementor-section elementor-top-section elementor-element elementor-element-44e9995 elementor-section-boxed elementor-section-height-default elementor-section-height-default\" data-id=\"44e9995\" data-element_type=\"section\" data-e-type=\"section\">\n\t\t\t\t\t\t<div class=\"elementor-container elementor-column-gap-default\">\n\t\t\t\t\t<div class=\"elementor-column elementor-col-100 elementor-top-column elementor-element elementor-element-2b21860\" data-id=\"2b21860\" data-element_type=\"column\" data-e-type=\"column\">\n\t\t\t<div class=\"elementor-widget-wrap elementor-element-populated\">\n\t\t\t\t\t\t<div class=\"elementor-element elementor-element-acc0392 elementor-widget elementor-widget-heading\" data-id=\"acc0392\" data-element_type=\"widget\" data-e-type=\"widget\" data-widget_type=\"heading.default\">\n\t\t\t\t<div class=\"elementor-widget-container\">\n\t\t\t\t\t<h1 class=\"elementor-heading-title elementor-size-default\">Daar komen<\/h1>\t\t\t\t<\/div>\n\t\t\t\t<\/div>\n\t\t\t\t<div class=\"elementor-element elementor-element-528aa8d elementor-widget elementor-widget-image\" data-id=\"528aa8d\" data-element_type=\"widget\" data-e-type=\"widget\" data-widget_type=\"image.default\">\n\t\t\t\t<div class=\"elementor-widget-container\">\n\t\t\t\t\t\t\t\t\t\t\t\t\t\t\t<img decoding=\"async\" src=\"https:\/\/eynattener-muehle.be\/wp-content\/uploads\/2021\/02\/trenner_casa_maria_d_lago_terracotta_duenn.svg\" class=\"attachment-full size-full wp-image-3690\" alt=\"\" \/>\t\t\t\t\t\t\t\t\t\t\t\t\t\t\t<\/div>\n\t\t\t\t<\/div>\n\t\t\t\t<div class=\"elementor-element elementor-element-9b433b8 elementor-widget elementor-widget-text-editor\" data-id=\"9b433b8\" data-element_type=\"widget\" data-e-type=\"widget\" data-widget_type=\"text-editor.default\">\n\t\t\t\t<div class=\"elementor-widget-container\">\n\t\t\t\t\t\t\t\t\t<h2>&#8230; met de Auto<\/h2>\r\n<p>U rijdt op de rijksautosnelweg A4\/E40 en neemt aan de Belgische kant afrit 39 Raeren\/Eynatten.<\/p>\r\n<p><em>Als u vanuit Duitsland komt, slaat u na het verlaten van de snelweg linksaf de Aachener Stra\u00dfe in. De volgende straat aan de linkerkant, tegenover het Total-tankstation, is de ingang van de EYNATTENER M\u00dcHLE.<\/em><\/p>\r\n<p>Als u vanuit Belgi\u00eb komt, slaat u na het verlaten van de snelweg rechtsaf de Aachener Stra\u00dfe in. De volgende straat aan de linkerkant, tegenover het Total-tankstation, is de ingang van de EYNATTENER M\u00dcHLE.<\/p>\r\n<p><em>U rijdt op de B57\/N68 komende vanuit Aken\/Duitsland en passeert de Belgische grens. Direct v\u00f3\u00f3r de ingang van de snelweg A4\/E40 slaat u tegenover het Total-tankstation rechtsaf de ingang van de EYNATTENER M\u00dcHLE in.<\/em><\/p>\r\n<p>U rijdt op de N68 komende vanuit Eupen\/Belgi\u00eb en rijdt door het dorp Eynatten. Steek vervolgens de snelweg A4\/E40 over en sla linksaf tegenover het Total-tankstation de ingang van de EYNATTENER M\u00dcHLE in.<\/p>\r\n<p>&nbsp;<\/p>\r\n<p><strong>NAVI-INSTELLING<\/strong><br \/>\r\n<span style=\"color: #ff0000;\">&gt;&gt;&gt; Belgi\u00eb.\u00a0 Raeren\/Eynatten . Aachener Stra\u00dfe 109<\/span><\/p>\t\t\t\t\t\t\t\t<\/div>\n\t\t\t\t<\/div>\n\t\t\t\t\t<\/div>\n\t\t<\/div>\n\t\t\t\t\t<\/div>\n\t\t<\/section>\n\t\t\t\t<\/div>\n\t\t","protected":false},"excerpt":{"rendered":"<p>DAAR KOMEN EYNATTENER M\u00dcHLE Vakantieappartement . Vakantiehuis Eynattener M\u00fchle 8 4731 Eynatten BELGI\u00cb contact@eynattener-muehle.be www.eynattener-muehle.de CheckIN vanaf 15:00 uur Late aankomst is geen probleem. U maakt gebruik van onze sleutelkluis. CheckOUT tot 11.00 uur Uitzonderingen kunnen met ons worden besproken. Daar komen &#8230; met de Auto U rijdt op de rijksautosnelweg A4\/E40 en neemt aan [&hellip;]<\/p>\n","protected":false},"author":1,"featured_media":0,"parent":0,"menu_order":48,"comment_status":"closed","ping_status":"closed","template":"elementor_header_footer","meta":{"_acf_changed":false,"footnotes":""},"class_list":["post-5021","page","type-page","status-publish","hentry"],"acf":[],"_links":{"self":[{"href":"https:\/\/eynattener-muehle.be\/nl\/wp-json\/wp\/v2\/pages\/5021","targetHints":{"allow":["GET"]}}],"collection":[{"href":"https:\/\/eynattener-muehle.be\/nl\/wp-json\/wp\/v2\/pages"}],"about":[{"href":"https:\/\/eynattener-muehle.be\/nl\/wp-json\/wp\/v2\/types\/page"}],"author":[{"embeddable":true,"href":"https:\/\/eynattener-muehle.be\/nl\/wp-json\/wp\/v2\/users\/1"}],"replies":[{"embeddable":true,"href":"https:\/\/eynattener-muehle.be\/nl\/wp-json\/wp\/v2\/comments?post=5021"}],"version-history":[{"count":2,"href":"https:\/\/eynattener-muehle.be\/nl\/wp-json\/wp\/v2\/pages\/5021\/revisions"}],"predecessor-version":[{"id":17584,"href":"https:\/\/eynattener-muehle.be\/nl\/wp-json\/wp\/v2\/pages\/5021\/revisions\/17584"}],"wp:attachment":[{"href":"https:\/\/eynattener-muehle.be\/nl\/wp-json\/wp\/v2\/media?parent=5021"}],"curies":[{"name":"wp","href":"https:\/\/api.w.org\/{rel}","templated":true}]}}