{"id":5556,"date":"2021-03-17T14:18:09","date_gmt":"2021-03-17T13:18:09","guid":{"rendered":"https:\/\/mbac.preview.tammen.de\/imprimer\/"},"modified":"2023-11-18T17:31:28","modified_gmt":"2023-11-18T16:31:28","slug":"imprimer","status":"publish","type":"page","link":"https:\/\/eynattener-muehle.be\/fr\/imprimer\/","title":{"rendered":"Imprimer"},"content":{"rendered":"\t\t<div data-elementor-type=\"wp-page\" data-elementor-id=\"5556\" class=\"elementor elementor-5556 elementor-516\" data-elementor-post-type=\"page\">\n\t\t\t\t\t\t<section class=\"elementor-section elementor-top-section elementor-element elementor-element-999e25c elementor-section-height-min-height elementor-section-full_width elementor-section-height-default elementor-section-items-middle\" data-id=\"999e25c\" data-element_type=\"section\" data-e-type=\"section\">\n\t\t\t\t\t\t<div class=\"elementor-container elementor-column-gap-default\">\n\t\t\t\t\t<div class=\"elementor-column elementor-col-100 elementor-top-column elementor-element elementor-element-168aebe\" data-id=\"168aebe\" data-element_type=\"column\" data-e-type=\"column\">\n\t\t\t<div class=\"elementor-widget-wrap elementor-element-populated\">\n\t\t\t\t\t\t<div class=\"elementor-element elementor-element-b22b402 elementor-widget elementor-widget-image\" data-id=\"b22b402\" data-element_type=\"widget\" data-e-type=\"widget\" data-widget_type=\"image.default\">\n\t\t\t\t<div class=\"elementor-widget-container\">\n\t\t\t\t\t\t\t\t\t\t\t\t<figure class=\"wp-caption\">\n\t\t\t\t\t\t\t\t\t\t<img fetchpriority=\"high\" decoding=\"async\" width=\"1920\" height=\"520\" src=\"https:\/\/eynattener-muehle.be\/wp-content\/uploads\/2023\/10\/diverses-Eynattener-Muehle-01-3.jpg\" class=\"attachment-full size-full wp-image-9664\" alt=\"\" srcset=\"https:\/\/eynattener-muehle.be\/wp-content\/uploads\/2023\/10\/diverses-Eynattener-Muehle-01-3.jpg 1920w, https:\/\/eynattener-muehle.be\/wp-content\/uploads\/2023\/10\/diverses-Eynattener-Muehle-01-3-300x81.jpg 300w, https:\/\/eynattener-muehle.be\/wp-content\/uploads\/2023\/10\/diverses-Eynattener-Muehle-01-3-1024x277.jpg 1024w, https:\/\/eynattener-muehle.be\/wp-content\/uploads\/2023\/10\/diverses-Eynattener-Muehle-01-3-150x41.jpg 150w, https:\/\/eynattener-muehle.be\/wp-content\/uploads\/2023\/10\/diverses-Eynattener-Muehle-01-3-768x208.jpg 768w, https:\/\/eynattener-muehle.be\/wp-content\/uploads\/2023\/10\/diverses-Eynattener-Muehle-01-3-1536x416.jpg 1536w\" sizes=\"(max-width: 1920px) 100vw, 1920px\" \/>\t\t\t\t\t\t\t\t\t\t\t<figcaption class=\"widget-image-caption wp-caption-text\"><\/figcaption>\n\t\t\t\t\t\t\t\t\t\t<\/figure>\n\t\t\t\t\t\t\t\t\t<\/div>\n\t\t\t\t<\/div>\n\t\t\t\t\t<\/div>\n\t\t<\/div>\n\t\t\t\t\t<\/div>\n\t\t<\/section>\n\t\t\t\t<section class=\"elementor-section elementor-top-section elementor-element elementor-element-bd56238 elementor-section-boxed elementor-section-height-default elementor-section-height-default\" data-id=\"bd56238\" data-element_type=\"section\" data-e-type=\"section\">\n\t\t\t\t\t\t<div class=\"elementor-container elementor-column-gap-default\">\n\t\t\t\t\t<div class=\"elementor-column elementor-col-100 elementor-top-column elementor-element elementor-element-35cf3ae\" data-id=\"35cf3ae\" data-element_type=\"column\" data-e-type=\"column\">\n\t\t\t<div class=\"elementor-widget-wrap elementor-element-populated\">\n\t\t\t\t\t\t<div class=\"elementor-element elementor-element-95be673 elementor-widget elementor-widget-heading\" data-id=\"95be673\" data-element_type=\"widget\" data-e-type=\"widget\" data-widget_type=\"heading.default\">\n\t\t\t\t<div class=\"elementor-widget-container\">\n\t\t\t\t\t<h1 class=\"elementor-heading-title elementor-size-default\">Imprimer<\/h1>\t\t\t\t<\/div>\n\t\t\t\t<\/div>\n\t\t\t\t<div class=\"elementor-element elementor-element-299306c elementor-widget elementor-widget-image\" data-id=\"299306c\" data-element_type=\"widget\" data-e-type=\"widget\" data-widget_type=\"image.default\">\n\t\t\t\t<div class=\"elementor-widget-container\">\n\t\t\t\t\t\t\t\t\t\t\t\t\t\t\t<img decoding=\"async\" src=\"https:\/\/eynattener-muehle.be\/wp-content\/uploads\/2021\/02\/trenner_casa_maria_d_lago_terracotta_duenn.svg\" class=\"attachment-full size-full wp-image-3692\" alt=\"\" \/>\t\t\t\t\t\t\t\t\t\t\t\t\t\t\t<\/div>\n\t\t\t\t<\/div>\n\t\t\t\t<div class=\"elementor-element elementor-element-b2b55a1 elementor-widget elementor-widget-spacer\" data-id=\"b2b55a1\" data-element_type=\"widget\" data-e-type=\"widget\" data-widget_type=\"spacer.default\">\n\t\t\t\t<div class=\"elementor-widget-container\">\n\t\t\t\t\t\t\t<div class=\"elementor-spacer\">\n\t\t\t<div class=\"elementor-spacer-inner\"><\/div>\n\t\t<\/div>\n\t\t\t\t\t\t<\/div>\n\t\t\t\t<\/div>\n\t\t\t\t<section class=\"elementor-section elementor-inner-section elementor-element elementor-element-07a1bee elementor-section-boxed elementor-section-height-default elementor-section-height-default\" data-id=\"07a1bee\" data-element_type=\"section\" data-e-type=\"section\">\n\t\t\t\t\t\t<div class=\"elementor-container elementor-column-gap-default\">\n\t\t\t\t\t<div class=\"elementor-column elementor-col-50 elementor-inner-column elementor-element elementor-element-ac9693f\" data-id=\"ac9693f\" data-element_type=\"column\" data-e-type=\"column\">\n\t\t\t<div class=\"elementor-widget-wrap elementor-element-populated\">\n\t\t\t\t\t\t<div class=\"elementor-element elementor-element-9e901da elementor-widget elementor-widget-heading\" data-id=\"9e901da\" data-element_type=\"widget\" data-e-type=\"widget\" data-widget_type=\"heading.default\">\n\t\t\t\t<div class=\"elementor-widget-container\">\n\t\t\t\t\t<h2 class=\"elementor-heading-title elementor-size-default\">DE LOCATION<\/h2>\t\t\t\t<\/div>\n\t\t\t\t<\/div>\n\t\t\t\t<div class=\"elementor-element elementor-element-345dc65 elementor-widget elementor-widget-text-editor\" data-id=\"345dc65\" data-element_type=\"widget\" data-e-type=\"widget\" data-widget_type=\"text-editor.default\">\n\t\t\t\t<div class=\"elementor-widget-container\">\n\t\t\t\t\t\t\t\t\t<p>L&rsquo;appartement de vacances et la maison de vacances EYNATTENER M\u00dcHLE peuvent \u00eatre r\u00e9serv\u00e9s toute l&rsquo;ann\u00e9e.<\/p>\r\n<p>R\u00e9servez \u00e0 <a href=\"mailto:contact@eynattener-muehle.be?subject= Enqu\u00eate%20.%20Appartement de Vacances\/Maison de Vacances%20 MOULIN%20D'EYNATTEN%20.%20EYNATTEN\" target=\"_blank\" rel=\"noopener\">contact@eynattener-muehle.be<\/a><\/p>\r\n<p><span style=\"color: #ff0000;\"><b>Y Arriver<\/b>\u00a0. Aachener Stra\u00dfe 109 . 4731 Eynatten . Belgique<\/span><\/p>\t\t\t\t\t\t\t\t<\/div>\n\t\t\t\t<\/div>\n\t\t\t\t<div class=\"elementor-element elementor-element-56a191f elementor-widget elementor-widget-heading\" data-id=\"56a191f\" data-element_type=\"widget\" data-e-type=\"widget\" data-widget_type=\"heading.default\">\n\t\t\t\t<div class=\"elementor-widget-container\">\n\t\t\t\t\t<h2 class=\"elementor-heading-title elementor-size-default\">PROPRI\u00c9TAIRE<\/h2>\t\t\t\t<\/div>\n\t\t\t\t<\/div>\n\t\t\t\t<div class=\"elementor-element elementor-element-dbb31f7 elementor-widget elementor-widget-text-editor\" data-id=\"dbb31f7\" data-element_type=\"widget\" data-e-type=\"widget\" data-widget_type=\"text-editor.default\">\n\t\t\t\t<div class=\"elementor-widget-container\">\n\t\t\t\t\t\t\t\t\t<p>Les propri\u00e9taires de l&rsquo;appartement de vacances et de la maison de vacances EYNATTENER M\u00dcHLE sont<br \/>\n<strong>Birgit et Maurice de Boer<\/strong><br \/>\nMoulin d&rsquo;Eynatten 12 . 4731 Eynatten . Belgique<br \/>\n+49 171 33 55 88 9<br \/>\n<a href=\"mailto:contact@eynattener-muehle.be?subject= Enqu\u00eate%20.%20Appartement de Vacances\/Maison de Vacances%20 MOULIN%20D'EYNATTEN%20.%20EYNATTEN\" target=\"_blank\" rel=\"noopener\">contact@eynattener-muehle.be<\/a> . www.eynattener-muehle.be<\/p>\n\t\t\t\t\t\t\t\t<\/div>\n\t\t\t\t<\/div>\n\t\t\t\t<div class=\"elementor-element elementor-element-b57cc07 elementor-widget elementor-widget-heading\" data-id=\"b57cc07\" data-element_type=\"widget\" data-e-type=\"widget\" data-widget_type=\"heading.default\">\n\t\t\t\t<div class=\"elementor-widget-container\">\n\t\t\t\t\t<h2 class=\"elementor-heading-title elementor-size-default\">CONCEPT. AGENCEMENT . PROGRAMMATION&nbsp;<\/h2>\t\t\t\t<\/div>\n\t\t\t\t<\/div>\n\t\t\t\t<div class=\"elementor-element elementor-element-afc2538 elementor-widget elementor-widget-text-editor\" data-id=\"afc2538\" data-element_type=\"widget\" data-e-type=\"widget\" data-widget_type=\"text-editor.default\">\n\t\t\t\t<div class=\"elementor-widget-container\">\n\t\t\t\t\t\t\t\t\t<p>TAMMEN GMBH<br \/>\nAgence de publicit\u00e9 . Conseil aux entreprises<br \/>\nNatruper Stra\u00dfe 15 A . 49076 Osnabr\u00fcck . Deutschland<br \/>\n+49 . 541 T 9 400 400 . F 9 400 450<br \/>\n<a href=\"mailto:info@tammen.de\">info@tammen.de<\/a> . <a href=\"http:\/\/www.tammen.de\">www.tammen.de<\/a><\/p>\n\t\t\t\t\t\t\t\t<\/div>\n\t\t\t\t<\/div>\n\t\t\t\t<div class=\"elementor-element elementor-element-8eb9dfa elementor-widget elementor-widget-heading\" data-id=\"8eb9dfa\" data-element_type=\"widget\" data-e-type=\"widget\" data-widget_type=\"heading.default\">\n\t\t\t\t<div class=\"elementor-widget-container\">\n\t\t\t\t\t<h2 class=\"elementor-heading-title elementor-size-default\">CR\u00c9DITS D'IMAGE<\/h2>\t\t\t\t<\/div>\n\t\t\t\t<\/div>\n\t\t\t\t<div class=\"elementor-element elementor-element-4e08669 elementor-widget elementor-widget-text-editor\" data-id=\"4e08669\" data-element_type=\"widget\" data-e-type=\"widget\" data-widget_type=\"text-editor.default\">\n\t\t\t\t<div class=\"elementor-widget-container\">\n\t\t\t\t\t\t\t\t\t<p>sauf indication contraire: \u00a9 TAMMEN GMBH<\/p>\n\t\t\t\t\t\t\t\t<\/div>\n\t\t\t\t<\/div>\n\t\t\t\t\t<\/div>\n\t\t<\/div>\n\t\t\t\t<div class=\"elementor-column elementor-col-50 elementor-inner-column elementor-element elementor-element-cc786e6\" data-id=\"cc786e6\" data-element_type=\"column\" data-e-type=\"column\">\n\t\t\t<div class=\"elementor-widget-wrap elementor-element-populated\">\n\t\t\t\t\t\t<div class=\"elementor-element elementor-element-40f3ad0 elementor-widget elementor-widget-heading\" data-id=\"40f3ad0\" data-element_type=\"widget\" data-e-type=\"widget\" data-widget_type=\"heading.default\">\n\t\t\t\t<div class=\"elementor-widget-container\">\n\t\t\t\t\t<h2 class=\"elementor-heading-title elementor-size-default\">COPYRIGHT&nbsp;<\/h2>\t\t\t\t<\/div>\n\t\t\t\t<\/div>\n\t\t\t\t<div class=\"elementor-element elementor-element-0520e74 elementor-widget elementor-widget-text-editor\" data-id=\"0520e74\" data-element_type=\"widget\" data-e-type=\"widget\" data-widget_type=\"text-editor.default\">\n\t\t\t\t<div class=\"elementor-widget-container\">\n\t\t\t\t\t\t\t\t\t<p>Le contenu de ces pages est soumis \u00e0 la loi allemande sur les droits d&rsquo;auteur. La duplication, le traitement, la distribution et tout type d&rsquo;exploitation en dehors des limites du droit d&rsquo;auteur n\u00e9cessitent l&rsquo;accord \u00e9crit de l&rsquo;exploitant du site. Les t\u00e9l\u00e9chargements et copies de ces pages ne sont pas autoris\u00e9s \u00e0 des fins commerciales ou d&rsquo;utilisation.<\/p>\n\t\t\t\t\t\t\t\t<\/div>\n\t\t\t\t<\/div>\n\t\t\t\t<div class=\"elementor-element elementor-element-41b3a85 elementor-widget elementor-widget-heading\" data-id=\"41b3a85\" data-element_type=\"widget\" data-e-type=\"widget\" data-widget_type=\"heading.default\">\n\t\t\t\t<div class=\"elementor-widget-container\">\n\t\t\t\t\t<h2 class=\"elementor-heading-title elementor-size-default\">AVIS DE NON-RESPONSABILIT\u00c9&nbsp;<\/h2>\t\t\t\t<\/div>\n\t\t\t\t<\/div>\n\t\t\t\t<div class=\"elementor-element elementor-element-54c7f16 elementor-widget elementor-widget-text-editor\" data-id=\"54c7f16\" data-element_type=\"widget\" data-e-type=\"widget\" data-widget_type=\"text-editor.default\">\n\t\t\t\t<div class=\"elementor-widget-container\">\n\t\t\t\t\t\t\t\t\t<p>Par jugement du 12 mai 1998 &#8211; 312 O 85\/98 &#8211; \u00ab\u00a0Responsabilit\u00e9 pour les liens\u00a0\u00bb, le tribunal de grande instance (LG) de Hambourg a d\u00e9cid\u00e9 qu&rsquo;en \u00e9tablissant un lien, on pouvait \u00eatre responsable du contenu de la page li\u00e9e.<br \/>\nSelon le tribunal de district, cela ne peut \u00eatre \u00e9vit\u00e9 qu&rsquo;en s&rsquo;\u00e9loignant express\u00e9ment de ce contenu.<\/p>\n<p>Par la pr\u00e9sente, nous nous distan\u00e7ons express\u00e9ment du contenu des pages li\u00e9es.<\/p>\n\t\t\t\t\t\t\t\t<\/div>\n\t\t\t\t<\/div>\n\t\t\t\t\t<\/div>\n\t\t<\/div>\n\t\t\t\t\t<\/div>\n\t\t<\/section>\n\t\t\t\t\t<\/div>\n\t\t<\/div>\n\t\t\t\t\t<\/div>\n\t\t<\/section>\n\t\t\t\t<\/div>\n\t\t","protected":false},"excerpt":{"rendered":"<p>DE LOCATION L&rsquo;appartement de vacances et la maison de vacances EYNATTENER M\u00dcHLE peuvent \u00eatre r\u00e9serv\u00e9s toute l&rsquo;ann\u00e9e. R\u00e9servez \u00e0 contact@eynattener-muehle.be Y Arriver\u00a0. Aachener Stra\u00dfe 109 . 4731 Eynatten . Belgique PROPRI\u00c9TAIRE Les propri\u00e9taires de l&rsquo;appartement de vacances et de la maison de vacances EYNATTENER M\u00dcHLE sont Birgit et Maurice de Boer Moulin d&rsquo;Eynatten 12 . [&hellip;]<\/p>\n","protected":false},"author":1,"featured_media":0,"parent":0,"menu_order":98,"comment_status":"closed","ping_status":"closed","template":"elementor_header_footer","meta":{"_acf_changed":false,"footnotes":""},"class_list":["post-5556","page","type-page","status-publish","hentry"],"acf":[],"_links":{"self":[{"href":"https:\/\/eynattener-muehle.be\/fr\/wp-json\/wp\/v2\/pages\/5556","targetHints":{"allow":["GET"]}}],"collection":[{"href":"https:\/\/eynattener-muehle.be\/fr\/wp-json\/wp\/v2\/pages"}],"about":[{"href":"https:\/\/eynattener-muehle.be\/fr\/wp-json\/wp\/v2\/types\/page"}],"author":[{"embeddable":true,"href":"https:\/\/eynattener-muehle.be\/fr\/wp-json\/wp\/v2\/users\/1"}],"replies":[{"embeddable":true,"href":"https:\/\/eynattener-muehle.be\/fr\/wp-json\/wp\/v2\/comments?post=5556"}],"version-history":[{"count":2,"href":"https:\/\/eynattener-muehle.be\/fr\/wp-json\/wp\/v2\/pages\/5556\/revisions"}],"predecessor-version":[{"id":17478,"href":"https:\/\/eynattener-muehle.be\/fr\/wp-json\/wp\/v2\/pages\/5556\/revisions\/17478"}],"wp:attachment":[{"href":"https:\/\/eynattener-muehle.be\/fr\/wp-json\/wp\/v2\/media?parent=5556"}],"curies":[{"name":"wp","href":"https:\/\/api.w.org\/{rel}","templated":true}]}}