{"id":5552,"date":"2021-03-17T14:09:50","date_gmt":"2021-03-17T13:09:50","guid":{"rendered":"https:\/\/mbac.preview.tammen.de\/contacter\/"},"modified":"2023-11-18T17:33:05","modified_gmt":"2023-11-18T16:33:05","slug":"contacter","status":"publish","type":"page","link":"https:\/\/eynattener-muehle.be\/fr\/contacter\/","title":{"rendered":"Contacter"},"content":{"rendered":"\t\t<div data-elementor-type=\"wp-page\" data-elementor-id=\"5552\" class=\"elementor elementor-5552 elementor-518\" data-elementor-post-type=\"page\">\n\t\t\t\t\t\t<section class=\"elementor-section elementor-top-section elementor-element elementor-element-6ec90f3 elementor-section-height-min-height elementor-section-full_width elementor-section-height-default elementor-section-items-middle\" data-id=\"6ec90f3\" data-element_type=\"section\" data-e-type=\"section\">\n\t\t\t\t\t\t<div class=\"elementor-container elementor-column-gap-default\">\n\t\t\t\t\t<div class=\"elementor-column elementor-col-100 elementor-top-column elementor-element elementor-element-eb427ee\" data-id=\"eb427ee\" data-element_type=\"column\" data-e-type=\"column\">\n\t\t\t<div class=\"elementor-widget-wrap elementor-element-populated\">\n\t\t\t\t\t\t<div class=\"elementor-element elementor-element-fe06d6c elementor-widget elementor-widget-image\" data-id=\"fe06d6c\" data-element_type=\"widget\" data-e-type=\"widget\" data-widget_type=\"image.default\">\n\t\t\t\t<div class=\"elementor-widget-container\">\n\t\t\t\t\t\t\t\t\t\t\t\t<figure class=\"wp-caption\">\n\t\t\t\t\t\t\t\t\t\t<img fetchpriority=\"high\" decoding=\"async\" width=\"1920\" height=\"520\" src=\"https:\/\/eynattener-muehle.be\/wp-content\/uploads\/2023\/10\/diverses-Eynattener-Muehle-01-4.jpg\" class=\"attachment-full size-full wp-image-9669\" alt=\"\" srcset=\"https:\/\/eynattener-muehle.be\/wp-content\/uploads\/2023\/10\/diverses-Eynattener-Muehle-01-4.jpg 1920w, https:\/\/eynattener-muehle.be\/wp-content\/uploads\/2023\/10\/diverses-Eynattener-Muehle-01-4-300x81.jpg 300w, https:\/\/eynattener-muehle.be\/wp-content\/uploads\/2023\/10\/diverses-Eynattener-Muehle-01-4-1024x277.jpg 1024w, https:\/\/eynattener-muehle.be\/wp-content\/uploads\/2023\/10\/diverses-Eynattener-Muehle-01-4-150x41.jpg 150w, https:\/\/eynattener-muehle.be\/wp-content\/uploads\/2023\/10\/diverses-Eynattener-Muehle-01-4-768x208.jpg 768w, https:\/\/eynattener-muehle.be\/wp-content\/uploads\/2023\/10\/diverses-Eynattener-Muehle-01-4-1536x416.jpg 1536w\" sizes=\"(max-width: 1920px) 100vw, 1920px\" \/>\t\t\t\t\t\t\t\t\t\t\t<figcaption class=\"widget-image-caption wp-caption-text\"><\/figcaption>\n\t\t\t\t\t\t\t\t\t\t<\/figure>\n\t\t\t\t\t\t\t\t\t<\/div>\n\t\t\t\t<\/div>\n\t\t\t\t\t<\/div>\n\t\t<\/div>\n\t\t\t\t\t<\/div>\n\t\t<\/section>\n\t\t\t\t<section class=\"elementor-section elementor-top-section elementor-element elementor-element-bd56238 elementor-section-boxed elementor-section-height-default elementor-section-height-default\" data-id=\"bd56238\" data-element_type=\"section\" data-e-type=\"section\">\n\t\t\t\t\t\t<div class=\"elementor-container elementor-column-gap-default\">\n\t\t\t\t\t<div class=\"elementor-column elementor-col-100 elementor-top-column elementor-element elementor-element-35cf3ae\" data-id=\"35cf3ae\" data-element_type=\"column\" data-e-type=\"column\">\n\t\t\t<div class=\"elementor-widget-wrap elementor-element-populated\">\n\t\t\t\t\t\t<div class=\"elementor-element elementor-element-95be673 elementor-widget elementor-widget-heading\" data-id=\"95be673\" data-element_type=\"widget\" data-e-type=\"widget\" data-widget_type=\"heading.default\">\n\t\t\t\t<div class=\"elementor-widget-container\">\n\t\t\t\t\t<h1 class=\"elementor-heading-title elementor-size-default\">Contacter<\/h1>\t\t\t\t<\/div>\n\t\t\t\t<\/div>\n\t\t\t\t<div class=\"elementor-element elementor-element-6f4281c elementor-widget elementor-widget-image\" data-id=\"6f4281c\" data-element_type=\"widget\" data-e-type=\"widget\" data-widget_type=\"image.default\">\n\t\t\t\t<div class=\"elementor-widget-container\">\n\t\t\t\t\t\t\t\t\t\t\t\t\t\t\t<img decoding=\"async\" src=\"https:\/\/eynattener-muehle.be\/wp-content\/uploads\/2021\/02\/trenner_casa_maria_d_lago_purpurrot_duenn.svg\" class=\"attachment-full size-full wp-image-3682\" alt=\"\" \/>\t\t\t\t\t\t\t\t\t\t\t\t\t\t\t<\/div>\n\t\t\t\t<\/div>\n\t\t\t\t<div class=\"elementor-element elementor-element-08c4aa4 elementor-widget elementor-widget-text-editor\" data-id=\"08c4aa4\" data-element_type=\"widget\" data-e-type=\"widget\" data-widget_type=\"text-editor.default\">\n\t\t\t\t<div class=\"elementor-widget-container\">\n\t\t\t\t\t\t\t\t\t<p><strong>EYNATTENER M\u00dcHLE<\/strong><br \/>\r\nEynattener M\u00fchle 8<br \/>\r\n4731 Eynatten<br \/>\r\nBELGIQUE<\/p>\r\n<p><a href=\"mailto:contact@eynattener-muehle.be?subject= Enqu\u00eate%20.%20Appartement de Vacances\/Maison de Vacances%20 MOULIN%20D'EYNATTEN%20.%20EYNATTEN\" target=\"_blank\" rel=\"noopener\">contact@eynattener-muehle.be<\/a><br \/>\r\nwww.eynattener-muehle.be<\/p>\r\n<p>Les appartements\/maison de vacances MOULIN D&rsquo;EYNATTEN peuvent \u00eatre r\u00e9serv\u00e9s toute l&rsquo;ann\u00e9e.<\/p>\r\n<p>CHECK<strong>IN<\/strong> . \u00e0 partir de 15h<br \/>\r\nUne arriv\u00e9e tardive ne pose aucun probl\u00e8me. Vous utilisez notre coffre-fort \u00e0 cl\u00e9s.<\/p>\r\n<p>CHECK<strong>OUT<\/strong>\u00a0 . jusqu&rsquo;\u00e0 11h<\/p>\r\n<p><span style=\"color: #ff0000;\"><b>Y Arriver<\/b> . Aachener Stra\u00dfe 109 . 4731 Eynatten . Belgique<\/span><\/p>\t\t\t\t\t\t\t\t<\/div>\n\t\t\t\t<\/div>\n\t\t\t\t\t<\/div>\n\t\t<\/div>\n\t\t\t\t\t<\/div>\n\t\t<\/section>\n\t\t\t\t<section class=\"elementor-section elementor-top-section elementor-element elementor-element-907371d elementor-section-boxed elementor-section-height-default elementor-section-height-default\" data-id=\"907371d\" data-element_type=\"section\" data-e-type=\"section\">\n\t\t\t\t\t\t<div class=\"elementor-container elementor-column-gap-default\">\n\t\t\t\t\t<div class=\"elementor-column elementor-col-100 elementor-top-column elementor-element elementor-element-3854ccf\" data-id=\"3854ccf\" data-element_type=\"column\" data-e-type=\"column\">\n\t\t\t<div class=\"elementor-widget-wrap elementor-element-populated\">\n\t\t\t\t\t\t<div class=\"elementor-element elementor-element-b05ba03 elementor-widget elementor-widget-google_maps\" data-id=\"b05ba03\" data-element_type=\"widget\" data-e-type=\"widget\" data-widget_type=\"google_maps.default\">\n\t\t\t\t<div class=\"elementor-widget-container\">\n\t\t\t\t\t\t\t<div class=\"elementor-custom-embed\">\n\t\t\t<iframe loading=\"lazy\"\n\t\t\t\t\tsrc=\"https:\/\/maps.google.com\/maps?q=Eynattener%20M%C3%BChle%2012%20.%204731%20Eynatten%20.%20BELGIEN&#038;t=m&#038;z=11&#038;output=embed&#038;iwloc=near\"\n\t\t\t\t\ttitle=\"Eynattener M\u00fchle 12 . 4731 Eynatten . BELGIEN\"\n\t\t\t\t\taria-label=\"Eynattener M\u00fchle 12 . 4731 Eynatten . BELGIEN\"\n\t\t\t><\/iframe>\n\t\t<\/div>\n\t\t\t\t\t\t<\/div>\n\t\t\t\t<\/div>\n\t\t\t\t\t<\/div>\n\t\t<\/div>\n\t\t\t\t\t<\/div>\n\t\t<\/section>\n\t\t\t\t<section class=\"elementor-section elementor-top-section elementor-element elementor-element-6a6bba2 elementor-section-boxed elementor-section-height-default elementor-section-height-default\" data-id=\"6a6bba2\" data-element_type=\"section\" data-e-type=\"section\">\n\t\t\t\t\t\t<div class=\"elementor-container elementor-column-gap-default\">\n\t\t\t\t\t<div class=\"elementor-column elementor-col-100 elementor-top-column elementor-element elementor-element-e4b289b\" data-id=\"e4b289b\" data-element_type=\"column\" data-e-type=\"column\">\n\t\t\t<div class=\"elementor-widget-wrap elementor-element-populated\">\n\t\t\t\t\t\t<div class=\"elementor-element elementor-element-bbcb4f5 elementor-widget elementor-widget-template\" data-id=\"bbcb4f5\" data-element_type=\"widget\" data-e-type=\"widget\" data-widget_type=\"template.default\">\n\t\t\t\t<div class=\"elementor-widget-container\">\n\t\t\t\t\t\t\t<div class=\"elementor-template\">\n\t\t\t\t\t<div data-elementor-type=\"section\" data-elementor-id=\"6784\" class=\"elementor elementor-6784 elementor-6771 elementor-6771\" data-elementor-post-type=\"elementor_library\">\n\t\t\t\t\t<section class=\"elementor-section elementor-top-section elementor-element elementor-element-5815f7f elementor-section-boxed elementor-section-height-default elementor-section-height-default\" data-id=\"5815f7f\" data-element_type=\"section\" data-e-type=\"section\">\n\t\t\t\t\t\t<div class=\"elementor-container elementor-column-gap-default\">\n\t\t\t\t\t<div class=\"elementor-column elementor-col-100 elementor-top-column elementor-element elementor-element-d5735f2\" data-id=\"d5735f2\" data-element_type=\"column\" data-e-type=\"column\">\n\t\t\t<div class=\"elementor-widget-wrap\">\n\t\t\t\t\t\t\t<\/div>\n\t\t<\/div>\n\t\t\t\t\t<\/div>\n\t\t<\/section>\n\t\t\t\t<\/div>\n\t\t\t\t<\/div>\n\t\t\t\t\t\t<\/div>\n\t\t\t\t<\/div>\n\t\t\t\t\t<\/div>\n\t\t<\/div>\n\t\t\t\t\t<\/div>\n\t\t<\/section>\n\t\t\t\t<\/div>\n\t\t","protected":false},"excerpt":{"rendered":"<p>EYNATTENER M\u00dcHLE Eynattener M\u00fchle 8 4731 Eynatten BELGIQUE contact@eynattener-muehle.be www.eynattener-muehle.be Les appartements\/maison de vacances MOULIN D&rsquo;EYNATTEN peuvent \u00eatre r\u00e9serv\u00e9s toute l&rsquo;ann\u00e9e. CHECKIN . \u00e0 partir de 15h Une arriv\u00e9e tardive ne pose aucun probl\u00e8me. Vous utilisez notre coffre-fort \u00e0 cl\u00e9s. CHECKOUT\u00a0 . jusqu&rsquo;\u00e0 11h Y Arriver . Aachener Stra\u00dfe 109 . 4731 Eynatten . Belgique<\/p>\n","protected":false},"author":1,"featured_media":0,"parent":0,"menu_order":88,"comment_status":"closed","ping_status":"closed","template":"elementor_header_footer","meta":{"_acf_changed":false,"footnotes":""},"class_list":["post-5552","page","type-page","status-publish","hentry"],"acf":[],"_links":{"self":[{"href":"https:\/\/eynattener-muehle.be\/fr\/wp-json\/wp\/v2\/pages\/5552","targetHints":{"allow":["GET"]}}],"collection":[{"href":"https:\/\/eynattener-muehle.be\/fr\/wp-json\/wp\/v2\/pages"}],"about":[{"href":"https:\/\/eynattener-muehle.be\/fr\/wp-json\/wp\/v2\/types\/page"}],"author":[{"embeddable":true,"href":"https:\/\/eynattener-muehle.be\/fr\/wp-json\/wp\/v2\/users\/1"}],"replies":[{"embeddable":true,"href":"https:\/\/eynattener-muehle.be\/fr\/wp-json\/wp\/v2\/comments?post=5552"}],"version-history":[{"count":2,"href":"https:\/\/eynattener-muehle.be\/fr\/wp-json\/wp\/v2\/pages\/5552\/revisions"}],"predecessor-version":[{"id":17480,"href":"https:\/\/eynattener-muehle.be\/fr\/wp-json\/wp\/v2\/pages\/5552\/revisions\/17480"}],"wp:attachment":[{"href":"https:\/\/eynattener-muehle.be\/fr\/wp-json\/wp\/v2\/media?parent=5552"}],"curies":[{"name":"wp","href":"https:\/\/api.w.org\/{rel}","templated":true}]}}