{"id":5107,"date":"2021-03-14T20:05:59","date_gmt":"2021-03-14T19:05:59","guid":{"rendered":"https:\/\/mbac.preview.tammen.de\/heberger\/"},"modified":"2024-01-16T16:07:08","modified_gmt":"2024-01-16T15:07:08","slug":"heberger","status":"publish","type":"page","link":"https:\/\/eynattener-muehle.be\/fr\/heberger\/","title":{"rendered":"H\u00e9berger"},"content":{"rendered":"\t\t<div data-elementor-type=\"wp-page\" data-elementor-id=\"5107\" class=\"elementor elementor-5107 elementor-3518\" data-elementor-post-type=\"page\">\n\t\t\t\t\t\t<section class=\"elementor-section elementor-top-section elementor-element elementor-element-1c05653 elementor-section-height-min-height elementor-section-full_width elementor-section-height-default elementor-section-items-middle\" data-id=\"1c05653\" data-element_type=\"section\" data-e-type=\"section\">\n\t\t\t\t\t\t<div class=\"elementor-container elementor-column-gap-default\">\n\t\t\t\t\t<div class=\"elementor-column elementor-col-100 elementor-top-column elementor-element elementor-element-25c572f\" data-id=\"25c572f\" data-element_type=\"column\" data-e-type=\"column\">\n\t\t\t<div class=\"elementor-widget-wrap elementor-element-populated\">\n\t\t\t\t\t\t<div class=\"elementor-element elementor-element-2316177 elementor-widget elementor-widget-image\" data-id=\"2316177\" data-element_type=\"widget\" data-e-type=\"widget\" data-widget_type=\"image.default\">\n\t\t\t\t<div class=\"elementor-widget-container\">\n\t\t\t\t\t\t\t\t\t\t\t\t\t\t\t<img fetchpriority=\"high\" decoding=\"async\" width=\"1400\" height=\"940\" src=\"https:\/\/eynattener-muehle.be\/wp-content\/uploads\/2023\/08\/Apartment01-Eynattener-Muehle-Belgien-Maurice-de-Boer-2023-1680px-01-06.jpg\" class=\"attachment-full size-full wp-image-9265\" alt=\"\" srcset=\"https:\/\/eynattener-muehle.be\/wp-content\/uploads\/2023\/08\/Apartment01-Eynattener-Muehle-Belgien-Maurice-de-Boer-2023-1680px-01-06.jpg 1400w, https:\/\/eynattener-muehle.be\/wp-content\/uploads\/2023\/08\/Apartment01-Eynattener-Muehle-Belgien-Maurice-de-Boer-2023-1680px-01-06-300x201.jpg 300w, https:\/\/eynattener-muehle.be\/wp-content\/uploads\/2023\/08\/Apartment01-Eynattener-Muehle-Belgien-Maurice-de-Boer-2023-1680px-01-06-1024x688.jpg 1024w, https:\/\/eynattener-muehle.be\/wp-content\/uploads\/2023\/08\/Apartment01-Eynattener-Muehle-Belgien-Maurice-de-Boer-2023-1680px-01-06-150x101.jpg 150w, https:\/\/eynattener-muehle.be\/wp-content\/uploads\/2023\/08\/Apartment01-Eynattener-Muehle-Belgien-Maurice-de-Boer-2023-1680px-01-06-768x516.jpg 768w\" sizes=\"(max-width: 1400px) 100vw, 1400px\" \/>\t\t\t\t\t\t\t\t\t\t\t\t\t\t\t<\/div>\n\t\t\t\t<\/div>\n\t\t\t\t\t<\/div>\n\t\t<\/div>\n\t\t\t\t\t<\/div>\n\t\t<\/section>\n\t\t\t\t<section class=\"elementor-section elementor-top-section elementor-element elementor-element-3023940 elementor-section-boxed elementor-section-height-default elementor-section-height-default\" data-id=\"3023940\" data-element_type=\"section\" data-e-type=\"section\">\n\t\t\t\t\t\t<div class=\"elementor-container elementor-column-gap-default\">\n\t\t\t\t\t<div class=\"elementor-column elementor-col-100 elementor-top-column elementor-element elementor-element-45ca855\" data-id=\"45ca855\" data-element_type=\"column\" data-e-type=\"column\">\n\t\t\t<div class=\"elementor-widget-wrap elementor-element-populated\">\n\t\t\t\t\t\t<div class=\"elementor-element elementor-element-0161a2e elementor-widget elementor-widget-spacer\" data-id=\"0161a2e\" data-element_type=\"widget\" data-e-type=\"widget\" data-widget_type=\"spacer.default\">\n\t\t\t\t<div class=\"elementor-widget-container\">\n\t\t\t\t\t\t\t<div class=\"elementor-spacer\">\n\t\t\t<div class=\"elementor-spacer-inner\"><\/div>\n\t\t<\/div>\n\t\t\t\t\t\t<\/div>\n\t\t\t\t<\/div>\n\t\t\t\t<div class=\"elementor-element elementor-element-0f4b61f elementor-widget elementor-widget-heading\" data-id=\"0f4b61f\" data-element_type=\"widget\" data-e-type=\"widget\" data-widget_type=\"heading.default\">\n\t\t\t\t<div class=\"elementor-widget-container\">\n\t\t\t\t\t<h1 class=\"elementor-heading-title elementor-size-default\">Vos h\u00f4tes<\/h1>\t\t\t\t<\/div>\n\t\t\t\t<\/div>\n\t\t\t\t<div class=\"elementor-element elementor-element-815832e elementor-widget elementor-widget-image\" data-id=\"815832e\" data-element_type=\"widget\" data-e-type=\"widget\" data-widget_type=\"image.default\">\n\t\t\t\t<div class=\"elementor-widget-container\">\n\t\t\t\t\t\t\t\t\t\t\t\t\t\t\t<img decoding=\"async\" src=\"https:\/\/eynattener-muehle.be\/wp-content\/uploads\/2021\/02\/trenner_casa_maria_d_lago_terracotta_duenn.svg\" class=\"attachment-full size-full wp-image-3692\" alt=\"\" \/>\t\t\t\t\t\t\t\t\t\t\t\t\t\t\t<\/div>\n\t\t\t\t<\/div>\n\t\t\t\t<div class=\"elementor-element elementor-element-7bd6791 elementor-widget elementor-widget-text-editor\" data-id=\"7bd6791\" data-element_type=\"widget\" data-e-type=\"widget\" data-widget_type=\"text-editor.default\">\n\t\t\t\t<div class=\"elementor-widget-container\">\n\t\t\t\t\t\t\t\t\t<p>Ici \u00e0 Eynatten\/Belgique, non loin de la fronti\u00e8re allemande pr\u00e8s d&rsquo;Aix-la-Chapelle, nous avons cr\u00e9\u00e9 avec notre MOULIN D&rsquo;EYNATTEN un refuge priv\u00e9 &#8211; historique, sophistiqu\u00e9, retir\u00e9. Nous avons am\u00e9nag\u00e9 un appartement de vacances confortable et une maison de vacances dans deux ailes de la cour. Nous sommes heureux de les louer \u00e0 des clients exigeants qui appr\u00e9cient et respectent l&rsquo;ambiance particuli\u00e8re de ce lieu.<\/p>\r\n<p>Nous sommes toujours disponibles pour nos voyageurs.<br \/>\r\nNous parlons allemand, anglais et n\u00e9erlandais.<\/p>\r\n<p><em>Birgit et Maurice de Boer<\/em><i><\/i><\/p>\t\t\t\t\t\t\t\t<\/div>\n\t\t\t\t<\/div>\n\t\t\t\t\t<\/div>\n\t\t<\/div>\n\t\t\t\t\t<\/div>\n\t\t<\/section>\n\t\t\t\t<section class=\"elementor-section elementor-top-section elementor-element elementor-element-357ea3e elementor-section-content-space-between elementor-section-boxed elementor-section-height-default elementor-section-height-default\" data-id=\"357ea3e\" data-element_type=\"section\" data-e-type=\"section\">\n\t\t\t\t\t\t<div class=\"elementor-container elementor-column-gap-default\">\n\t\t\t\t\t<div class=\"elementor-column elementor-col-100 elementor-top-column elementor-element elementor-element-4219f2e\" data-id=\"4219f2e\" data-element_type=\"column\" data-e-type=\"column\">\n\t\t\t<div class=\"elementor-widget-wrap elementor-element-populated\">\n\t\t\t\t\t\t<section class=\"elementor-section elementor-inner-section elementor-element elementor-element-becb4d9 elementor-section-boxed elementor-section-height-default elementor-section-height-default\" data-id=\"becb4d9\" data-element_type=\"section\" data-e-type=\"section\">\n\t\t\t\t\t\t<div class=\"elementor-container elementor-column-gap-default\">\n\t\t\t\t\t<div class=\"elementor-column elementor-col-100 elementor-inner-column elementor-element elementor-element-7049891\" data-id=\"7049891\" data-element_type=\"column\" data-e-type=\"column\">\n\t\t\t<div class=\"elementor-widget-wrap elementor-element-populated\">\n\t\t\t\t\t\t<div class=\"elementor-element elementor-element-df32c82 elementor-widget elementor-widget-spacer\" data-id=\"df32c82\" data-element_type=\"widget\" data-e-type=\"widget\" data-widget_type=\"spacer.default\">\n\t\t\t\t<div class=\"elementor-widget-container\">\n\t\t\t\t\t\t\t<div class=\"elementor-spacer\">\n\t\t\t<div class=\"elementor-spacer-inner\"><\/div>\n\t\t<\/div>\n\t\t\t\t\t\t<\/div>\n\t\t\t\t<\/div>\n\t\t\t\t\t<\/div>\n\t\t<\/div>\n\t\t\t\t\t<\/div>\n\t\t<\/section>\n\t\t\t\t\t<\/div>\n\t\t<\/div>\n\t\t\t\t\t<\/div>\n\t\t<\/section>\n\t\t\t\t<\/div>\n\t\t","protected":false},"excerpt":{"rendered":"<p>Vos h\u00f4tes Ici \u00e0 Eynatten\/Belgique, non loin de la fronti\u00e8re allemande pr\u00e8s d&rsquo;Aix-la-Chapelle, nous avons cr\u00e9\u00e9 avec notre MOULIN D&rsquo;EYNATTEN un refuge priv\u00e9 &#8211; historique, sophistiqu\u00e9, retir\u00e9. Nous avons am\u00e9nag\u00e9 un appartement de vacances confortable et une maison de vacances dans deux ailes de la cour. Nous sommes heureux de les louer \u00e0 des clients [&hellip;]<\/p>\n","protected":false},"author":1,"featured_media":0,"parent":0,"menu_order":19,"comment_status":"closed","ping_status":"closed","template":"elementor_header_footer","meta":{"_acf_changed":false,"footnotes":""},"class_list":["post-5107","page","type-page","status-publish","hentry"],"acf":[],"_links":{"self":[{"href":"https:\/\/eynattener-muehle.be\/fr\/wp-json\/wp\/v2\/pages\/5107","targetHints":{"allow":["GET"]}}],"collection":[{"href":"https:\/\/eynattener-muehle.be\/fr\/wp-json\/wp\/v2\/pages"}],"about":[{"href":"https:\/\/eynattener-muehle.be\/fr\/wp-json\/wp\/v2\/types\/page"}],"author":[{"embeddable":true,"href":"https:\/\/eynattener-muehle.be\/fr\/wp-json\/wp\/v2\/users\/1"}],"replies":[{"embeddable":true,"href":"https:\/\/eynattener-muehle.be\/fr\/wp-json\/wp\/v2\/comments?post=5107"}],"version-history":[{"count":2,"href":"https:\/\/eynattener-muehle.be\/fr\/wp-json\/wp\/v2\/pages\/5107\/revisions"}],"predecessor-version":[{"id":21149,"href":"https:\/\/eynattener-muehle.be\/fr\/wp-json\/wp\/v2\/pages\/5107\/revisions\/21149"}],"wp:attachment":[{"href":"https:\/\/eynattener-muehle.be\/fr\/wp-json\/wp\/v2\/media?parent=5107"}],"curies":[{"name":"wp","href":"https:\/\/api.w.org\/{rel}","templated":true}]}}