{"id":667,"date":"2020-06-17T10:35:44","date_gmt":"2020-06-17T08:35:44","guid":{"rendered":"https:\/\/khhd.preview.tammen.de\/?page_id=667"},"modified":"2026-01-27T22:58:03","modified_gmt":"2026-01-27T21:58:03","slug":"preisliste","status":"publish","type":"page","link":"https:\/\/eynattener-muehle.be\/de\/home\/preisliste\/","title":{"rendered":"Preisliste"},"content":{"rendered":"\t\t<div data-elementor-type=\"wp-page\" data-elementor-id=\"667\" class=\"elementor elementor-667\" data-elementor-post-type=\"page\">\n\t\t\t\t\t\t<section class=\"elementor-section elementor-top-section elementor-element elementor-element-ff5eb66 elementor-section-height-min-height elementor-section-full_width elementor-section-height-default elementor-section-items-middle\" data-id=\"ff5eb66\" data-element_type=\"section\" data-e-type=\"section\">\n\t\t\t\t\t\t<div class=\"elementor-container elementor-column-gap-default\">\n\t\t\t\t\t<div class=\"elementor-column elementor-col-100 elementor-top-column elementor-element elementor-element-383f4ea\" data-id=\"383f4ea\" data-element_type=\"column\" data-e-type=\"column\">\n\t\t\t<div class=\"elementor-widget-wrap elementor-element-populated\">\n\t\t\t\t\t\t<div class=\"elementor-element elementor-element-39a8a46 elementor-widget elementor-widget-image\" data-id=\"39a8a46\" data-element_type=\"widget\" data-e-type=\"widget\" data-widget_type=\"image.default\">\n\t\t\t\t<div class=\"elementor-widget-container\">\n\t\t\t\t\t\t\t\t\t\t\t\t\t\t\t<img fetchpriority=\"high\" decoding=\"async\" width=\"1920\" height=\"1920\" src=\"https:\/\/eynattener-muehle.be\/wp-content\/uploads\/2023\/10\/Ferien-Haus-Eynattener-Muehle-Belgien-Maurice-de-Boer-2023-54.jpg\" class=\"attachment-full size-full wp-image-10179\" alt=\"\" srcset=\"https:\/\/eynattener-muehle.be\/wp-content\/uploads\/2023\/10\/Ferien-Haus-Eynattener-Muehle-Belgien-Maurice-de-Boer-2023-54.jpg 1920w, https:\/\/eynattener-muehle.be\/wp-content\/uploads\/2023\/10\/Ferien-Haus-Eynattener-Muehle-Belgien-Maurice-de-Boer-2023-54-300x300.jpg 300w, https:\/\/eynattener-muehle.be\/wp-content\/uploads\/2023\/10\/Ferien-Haus-Eynattener-Muehle-Belgien-Maurice-de-Boer-2023-54-1024x1024.jpg 1024w, https:\/\/eynattener-muehle.be\/wp-content\/uploads\/2023\/10\/Ferien-Haus-Eynattener-Muehle-Belgien-Maurice-de-Boer-2023-54-150x150.jpg 150w, https:\/\/eynattener-muehle.be\/wp-content\/uploads\/2023\/10\/Ferien-Haus-Eynattener-Muehle-Belgien-Maurice-de-Boer-2023-54-768x768.jpg 768w, https:\/\/eynattener-muehle.be\/wp-content\/uploads\/2023\/10\/Ferien-Haus-Eynattener-Muehle-Belgien-Maurice-de-Boer-2023-54-1536x1536.jpg 1536w\" sizes=\"(max-width: 1920px) 100vw, 1920px\" \/>\t\t\t\t\t\t\t\t\t\t\t\t\t\t\t<\/div>\n\t\t\t\t<\/div>\n\t\t\t\t\t<\/div>\n\t\t<\/div>\n\t\t\t\t\t<\/div>\n\t\t<\/section>\n\t\t\t\t<section class=\"elementor-section elementor-top-section elementor-element elementor-element-7cace6c elementor-section-boxed elementor-section-height-default elementor-section-height-default\" data-id=\"7cace6c\" data-element_type=\"section\" data-e-type=\"section\">\n\t\t\t\t\t\t<div class=\"elementor-container elementor-column-gap-default\">\n\t\t\t\t\t<div class=\"elementor-column elementor-col-100 elementor-top-column elementor-element elementor-element-7c4bcbc\" data-id=\"7c4bcbc\" data-element_type=\"column\" data-e-type=\"column\">\n\t\t\t<div class=\"elementor-widget-wrap elementor-element-populated\">\n\t\t\t\t\t\t<div class=\"elementor-element elementor-element-1c148b5 elementor-widget elementor-widget-spacer\" data-id=\"1c148b5\" data-element_type=\"widget\" data-e-type=\"widget\" data-widget_type=\"spacer.default\">\n\t\t\t\t<div class=\"elementor-widget-container\">\n\t\t\t\t\t\t\t<div class=\"elementor-spacer\">\n\t\t\t<div class=\"elementor-spacer-inner\"><\/div>\n\t\t<\/div>\n\t\t\t\t\t\t<\/div>\n\t\t\t\t<\/div>\n\t\t\t\t<div class=\"elementor-element elementor-element-a6c83c7 elementor-widget elementor-widget-heading\" data-id=\"a6c83c7\" data-element_type=\"widget\" data-e-type=\"widget\" data-widget_type=\"heading.default\">\n\t\t\t\t<div class=\"elementor-widget-container\">\n\t\t\t\t\t<h1 class=\"elementor-heading-title elementor-size-default\">Preise 2026<\/h1>\t\t\t\t<\/div>\n\t\t\t\t<\/div>\n\t\t\t\t<div class=\"elementor-element elementor-element-e963925 elementor-widget elementor-widget-image\" data-id=\"e963925\" data-element_type=\"widget\" data-e-type=\"widget\" data-widget_type=\"image.default\">\n\t\t\t\t<div class=\"elementor-widget-container\">\n\t\t\t\t\t\t\t\t\t\t\t\t\t\t\t<img decoding=\"async\" src=\"https:\/\/eynattener-muehle.be\/wp-content\/uploads\/2021\/02\/trenner_casa_maria_d_lago_terracotta_duenn.svg\" class=\"attachment-full size-full wp-image-3689\" alt=\"\" \/>\t\t\t\t\t\t\t\t\t\t\t\t\t\t\t<\/div>\n\t\t\t\t<\/div>\n\t\t\t\t\t<\/div>\n\t\t<\/div>\n\t\t\t\t\t<\/div>\n\t\t<\/section>\n\t\t\t\t<section class=\"elementor-section elementor-top-section elementor-element elementor-element-68d76c1 elementor-section-boxed elementor-section-height-default elementor-section-height-default\" data-id=\"68d76c1\" data-element_type=\"section\" data-e-type=\"section\">\n\t\t\t\t\t\t<div class=\"elementor-container elementor-column-gap-default\">\n\t\t\t\t\t<div class=\"elementor-column elementor-col-50 elementor-top-column elementor-element elementor-element-35ac2bc\" data-id=\"35ac2bc\" data-element_type=\"column\" data-e-type=\"column\">\n\t\t\t<div class=\"elementor-widget-wrap elementor-element-populated\">\n\t\t\t\t\t\t<div class=\"elementor-element elementor-element-7114441 elementor-widget elementor-widget-text-editor\" data-id=\"7114441\" data-element_type=\"widget\" data-e-type=\"widget\" data-widget_type=\"text-editor.default\">\n\t\t\t\t<div class=\"elementor-widget-container\">\n\t\t\t\t\t\t\t\t\t<h3>EYNATTENER M\u00dcHLE<\/h3>\n<p>FERIEN-WOHNUNG . ca. 70 qm . bis 3 Personen<\/p>\n<table style=\"width: 96%;\">\n<tbody>\n<tr>\n<td style=\"width: 54.2056%;\">2 Personen pro Nacht . <strong>auf Anfrage<\/strong><\/td>\n<td style=\"width: 42.0561%;\">\u00a0 <strong>140,00 \u2013<\/strong> <strong>170,00 \u20ac <\/strong>\u00a0<\/td>\n<\/tr>\n<tr>\n<td style=\"width: 54.2056%;\">pro weitere Person<\/td>\n<td style=\"width: 42.0561%;\"><strong>\u00a0 <span style=\"font-weight: bolder; background-color: #ffffff;\">\u00a0 25,00 \u20ac \/ Nacht<\/span><\/strong><\/td>\n<\/tr>\n<tr>\n<td style=\"width: 54.2056%;\">Endreinigung\/Zwischenreinigung<\/td>\n<td style=\"width: 42.0561%;\"><strong>\u00a0\u00a0 50,00 \u20ac<\/strong><\/td>\n<\/tr>\n<tr>\n<td style=\"width: 54.2056%;\">Reinigung . pro Hund<\/td>\n<td style=\"width: 42.0561%;\"><strong>\u00a0\u00a0 25,00 \u20ac<\/strong><\/td>\n<\/tr>\n<\/tbody>\n<\/table>\n<p><a href=\"https:\/\/www.airbnb.de\/rooms\/756796981741822237?source_impression_id=p3_1725442316_P3nm_HYakDg25ep0\" target=\"_blank\" rel=\"noopener\"><strong>&gt;&gt;&gt; Direkt buchen \u00fcber airbnb<\/strong><\/a><\/p>\n<p>\u00a0<\/p>\n<p>FERIEN-HAUS . ca. 130 qm . bis 6 Personen<\/p>\n<table style=\"width: 96%;\">\n<tbody>\n<tr>\n<td style=\"width: 54.2056%;\">2 Personen pro Nacht . <strong>auf Anfrage<\/strong><\/td>\n<td style=\"width: 42.0561%;\"><strong>\u00a0 140,00 \u2013<\/strong> <strong>170,00 \u20ac <\/strong>\u00a0<\/td>\n<\/tr>\n<tr>\n<td style=\"width: 54.2056%;\">pro weitere Person<\/td>\n<td style=\"width: 42.0561%;\"><strong>\u00a0 <\/strong><span style=\"font-weight: bolder; background-color: #ffffff;\">\u00a0 25,00 \u20ac \/ Nacht<\/span><strong><br \/><\/strong><\/td>\n<\/tr>\n<tr>\n<td style=\"width: 54.2056%;\">Endreinigung\/Zwischenreinigung<\/td>\n<td style=\"width: 42.0561%;\"><strong>\u00a0 100,00 \u20ac<\/strong><\/td>\n<\/tr>\n<tr>\n<td style=\"width: 54.2056%;\">Reinigung . pro Hund<\/td>\n<td style=\"width: 42.0561%;\"><strong>\u00a0 \u00a0 25,00 \u20ac<br \/><\/strong><\/td>\n<\/tr>\n<\/tbody>\n<\/table>\n<p><a href=\"https:\/\/www.airbnb.de\/rooms\/48545096?source_impression_id=p3_1725442299_P3vaGP2bp0rmldSB\" target=\"_blank\" rel=\"noopener\"><strong>&gt;&gt;&gt; Direkt buchen \u00fcber airbnb<\/strong><\/a><br \/><br \/><\/p>\n<p>HOFREMISE . max 16 Personen<\/p>\n<table style=\"background-color: #ffffff; width: 528px;\">\n<tbody>\n<tr>\n<td style=\"width: 297.312px;\">\u00a0Raummiete . <b>auf Vorbestellung<\/b><\/td>\n<td style=\"width: 230.688px;\"><span style=\"font-weight: bolder;\">\u00a0 150,00 <\/span><span style=\"font-weight: bolder;\">\u20ac \/ Tag . Abend<\/span><\/td>\n<\/tr>\n<\/tbody>\n<\/table>\n<p><strong>&gt;&gt;&gt; buchen vor Ort beim Gastgeber<\/strong><\/p>\t\t\t\t\t\t\t\t<\/div>\n\t\t\t\t<\/div>\n\t\t\t\t\t<\/div>\n\t\t<\/div>\n\t\t\t\t<div class=\"elementor-column elementor-col-50 elementor-top-column elementor-element elementor-element-9648efa\" data-id=\"9648efa\" data-element_type=\"column\" data-e-type=\"column\">\n\t\t\t<div class=\"elementor-widget-wrap elementor-element-populated\">\n\t\t\t\t\t\t<div class=\"elementor-element elementor-element-f7da4b9 elementor-widget elementor-widget-image\" data-id=\"f7da4b9\" data-element_type=\"widget\" data-e-type=\"widget\" data-widget_type=\"image.default\">\n\t\t\t\t<div class=\"elementor-widget-container\">\n\t\t\t\t\t\t\t\t\t\t\t\t<figure class=\"wp-caption\">\n\t\t\t\t\t\t\t\t\t\t<img decoding=\"async\" width=\"800\" height=\"538\" src=\"https:\/\/eynattener-muehle.be\/wp-content\/uploads\/2023\/10\/Ferien-Haus-Eynattener-Muehle-Belgien-Maurice-de-Boer-2023-27-1024x688.jpg\" class=\"attachment-large size-large wp-image-10071\" alt=\"\" srcset=\"https:\/\/eynattener-muehle.be\/wp-content\/uploads\/2023\/10\/Ferien-Haus-Eynattener-Muehle-Belgien-Maurice-de-Boer-2023-27-1024x688.jpg 1024w, https:\/\/eynattener-muehle.be\/wp-content\/uploads\/2023\/10\/Ferien-Haus-Eynattener-Muehle-Belgien-Maurice-de-Boer-2023-27-300x201.jpg 300w, https:\/\/eynattener-muehle.be\/wp-content\/uploads\/2023\/10\/Ferien-Haus-Eynattener-Muehle-Belgien-Maurice-de-Boer-2023-27-150x101.jpg 150w, https:\/\/eynattener-muehle.be\/wp-content\/uploads\/2023\/10\/Ferien-Haus-Eynattener-Muehle-Belgien-Maurice-de-Boer-2023-27-768x516.jpg 768w, https:\/\/eynattener-muehle.be\/wp-content\/uploads\/2023\/10\/Ferien-Haus-Eynattener-Muehle-Belgien-Maurice-de-Boer-2023-27.jpg 1400w\" sizes=\"(max-width: 800px) 100vw, 800px\" \/>\t\t\t\t\t\t\t\t\t\t\t<figcaption class=\"widget-image-caption wp-caption-text\"><\/figcaption>\n\t\t\t\t\t\t\t\t\t\t<\/figure>\n\t\t\t\t\t\t\t\t\t<\/div>\n\t\t\t\t<\/div>\n\t\t\t\t\t<\/div>\n\t\t<\/div>\n\t\t\t\t\t<\/div>\n\t\t<\/section>\n\t\t\t\t<section class=\"elementor-section elementor-top-section elementor-element elementor-element-2472399 elementor-section-boxed elementor-section-height-default elementor-section-height-default\" data-id=\"2472399\" data-element_type=\"section\" data-e-type=\"section\">\n\t\t\t\t\t\t<div class=\"elementor-container elementor-column-gap-default\">\n\t\t\t\t\t<div class=\"elementor-column elementor-col-50 elementor-top-column elementor-element elementor-element-1175739\" data-id=\"1175739\" data-element_type=\"column\" data-e-type=\"column\">\n\t\t\t<div class=\"elementor-widget-wrap elementor-element-populated\">\n\t\t\t\t\t\t<div class=\"elementor-element elementor-element-4ba944e elementor-arrows-position-inside elementor-pagination-position-outside elementor-widget elementor-widget-image-carousel\" data-id=\"4ba944e\" data-element_type=\"widget\" data-e-type=\"widget\" data-settings=\"{&quot;slides_to_show&quot;:&quot;1&quot;,&quot;navigation&quot;:&quot;both&quot;,&quot;autoplay&quot;:&quot;yes&quot;,&quot;pause_on_hover&quot;:&quot;yes&quot;,&quot;pause_on_interaction&quot;:&quot;yes&quot;,&quot;autoplay_speed&quot;:5000,&quot;infinite&quot;:&quot;yes&quot;,&quot;effect&quot;:&quot;slide&quot;,&quot;speed&quot;:500}\" data-widget_type=\"image-carousel.default\">\n\t\t\t\t<div class=\"elementor-widget-container\">\n\t\t\t\t\t\t\t<div class=\"elementor-image-carousel-wrapper swiper\" role=\"region\" aria-roledescription=\"carousel\" aria-label=\"Bild Karussell\" dir=\"ltr\">\n\t\t\t<div class=\"elementor-image-carousel swiper-wrapper\" aria-live=\"off\">\n\t\t\t\t\t\t\t\t<div class=\"swiper-slide\" role=\"group\" aria-roledescription=\"slide\" aria-label=\"1 von 1\"><figure class=\"swiper-slide-inner\"><img decoding=\"async\" class=\"swiper-slide-image\" src=\"https:\/\/eynattener-muehle.be\/wp-content\/uploads\/2023\/08\/Apartment01-Eynattener-Muehle-Belgien-Maurice-de-Boer-2023-1680px-01-30.jpg\" alt=\"Apartment01-Eynattener-Muehle-Belgien-Maurice-de-Boer-2023-1680px-01-30\" \/><\/figure><\/div>\t\t\t<\/div>\n\t\t\t\t\t<\/div>\n\t\t\t\t\t\t<\/div>\n\t\t\t\t<\/div>\n\t\t\t\t\t<\/div>\n\t\t<\/div>\n\t\t\t\t<div class=\"elementor-column elementor-col-50 elementor-top-column elementor-element elementor-element-b0286be\" data-id=\"b0286be\" data-element_type=\"column\" data-e-type=\"column\">\n\t\t\t<div class=\"elementor-widget-wrap elementor-element-populated\">\n\t\t\t\t\t\t<div class=\"elementor-element elementor-element-b1f7b25 elementor-widget elementor-widget-text-editor\" data-id=\"b1f7b25\" data-element_type=\"widget\" data-e-type=\"widget\" data-widget_type=\"text-editor.default\">\n\t\t\t\t<div class=\"elementor-widget-container\">\n\t\t\t\t\t\t\t\t\t<p><strong>PREISE 2026<\/strong><br \/>Die Preise der Ferien-Wohnung\/des Ferien-Hauses gelten pro \u00dcbernachtung f\u00fcr 2 Personen inklusive Wasser und Strom.<\/p>\n<p>F\u00fcr die Unterbringung weiterer Personen (\u00dcbernachtung auf der Schlafcouch im Wohn-\/Schlafzimmer) berechnen wir 25,00 \u20ac pro Nacht und Person, 2 Kinder bis zu einem Alter von 2 Jahren \u00fcbernachten kostenfrei. Die Anzahl von 4 Personen zur \u00dcbernachtung in der Ferien-Wohnung bzw. 6 Personen im Ferien-Haus darf nicht \u00fcberschritten werden.<\/p>\n<p><em>In der Ferien-Wohnung und im Ferien-Haus darf nicht geraucht werden.<\/em><\/p>\n<p><b>STORNIERUNGSBEDINGUNGEN<\/b><b><br \/><\/b>Stornierung bis 30 Tage vor Buchungsbeginn: vollst\u00e4ndige R\u00fcckerstattung der bereits gezahlten Betr\u00e4ge.<\/p>\n<p>Stornierung weniger als 30 Tage vor Buchungsbeginn: keine R\u00fcckerstattung der bereits gezahlten Betr\u00e4ge.\u00a0Dies gilt auch bei versp\u00e4teter Anreise bzw. vorzeitiger Abreise. Bei einer Weitervermietung nach vollst\u00e4ndiger Stornierung erstatten wir 80% der bereits gezahlten Betr\u00e4ge.<\/p>\n<p>Um Ihnen unangenehme Stornokosten bei einem Nichtantritt der Reise zu ersparen, empfehlen wir den\u00a0Abschluss einer Reiser\u00fccktritt-Versicherung.<\/p>\n<p><strong>REINIGUNG<\/strong><br \/>Bei einem Aufenthalt von mehr als 1 Woche kann eine Zwischen-Reinigung gebucht werden inklusive Wechsel\u00a0der Bettw\u00e4sche. Handt\u00fccher sind in der Ferien-Wohnung\/im Ferien-Haus ausreichend vorhanden und\u00a0k\u00f6nnen nach Bedarf genutzt werden; sie werden im Rahmen der Zwischenreinigung gewechselt.<\/p>\n<p><strong>HUNDE<\/strong><br \/>Die Unterbringung von 1 Hund ist erlaubt; die Unterbringung weiterer Hunde auf Anfrage.<\/p>\n<p><strong>PARKEN<\/strong><br \/>Parkpl\u00e4tze sind direkt am Haus neben dem gro\u00dfen Tor vorhanden (ausschlie\u00dflich f\u00fcr G\u00e4ste).<\/p>\n<p>S\u00e4mtliche Preise in Euro .\u00a0<em style=\"font-size: 1.1em;\">Stand Januar 2026<\/em><\/p>\t\t\t\t\t\t\t\t<\/div>\n\t\t\t\t<\/div>\n\t\t\t\t\t<\/div>\n\t\t<\/div>\n\t\t\t\t\t<\/div>\n\t\t<\/section>\n\t\t\t\t<\/div>\n\t\t","protected":false},"excerpt":{"rendered":"<p>Preise 2026 EYNATTENER M\u00dcHLE FERIEN-WOHNUNG . ca. 70 qm . bis 3 Personen 2 Personen pro Nacht . auf Anfrage \u00a0 140,00 \u2013 170,00 \u20ac \u00a0 pro weitere Person \u00a0 \u00a0 25,00 \u20ac \/ Nacht Endreinigung\/Zwischenreinigung \u00a0\u00a0 50,00 \u20ac Reinigung . pro Hund \u00a0\u00a0 25,00 \u20ac &gt;&gt;&gt; Direkt buchen \u00fcber airbnb \u00a0 FERIEN-HAUS . ca. [&hellip;]<\/p>\n","protected":false},"author":1,"featured_media":10179,"parent":205,"menu_order":68,"comment_status":"closed","ping_status":"closed","template":"elementor_header_footer","meta":{"_acf_changed":false,"footnotes":""},"class_list":["post-667","page","type-page","status-publish","has-post-thumbnail","hentry"],"acf":[],"_links":{"self":[{"href":"https:\/\/eynattener-muehle.be\/de\/wp-json\/wp\/v2\/pages\/667","targetHints":{"allow":["GET"]}}],"collection":[{"href":"https:\/\/eynattener-muehle.be\/de\/wp-json\/wp\/v2\/pages"}],"about":[{"href":"https:\/\/eynattener-muehle.be\/de\/wp-json\/wp\/v2\/types\/page"}],"author":[{"embeddable":true,"href":"https:\/\/eynattener-muehle.be\/de\/wp-json\/wp\/v2\/users\/1"}],"replies":[{"embeddable":true,"href":"https:\/\/eynattener-muehle.be\/de\/wp-json\/wp\/v2\/comments?post=667"}],"version-history":[{"count":53,"href":"https:\/\/eynattener-muehle.be\/de\/wp-json\/wp\/v2\/pages\/667\/revisions"}],"predecessor-version":[{"id":21674,"href":"https:\/\/eynattener-muehle.be\/de\/wp-json\/wp\/v2\/pages\/667\/revisions\/21674"}],"up":[{"embeddable":true,"href":"https:\/\/eynattener-muehle.be\/de\/wp-json\/wp\/v2\/pages\/205"}],"wp:featuredmedia":[{"embeddable":true,"href":"https:\/\/eynattener-muehle.be\/de\/wp-json\/wp\/v2\/media\/10179"}],"wp:attachment":[{"href":"https:\/\/eynattener-muehle.be\/de\/wp-json\/wp\/v2\/media?parent=667"}],"curies":[{"name":"wp","href":"https:\/\/api.w.org\/{rel}","templated":true}]}}