{"id":518,"date":"2020-06-11T15:56:49","date_gmt":"2020-06-11T13:56:49","guid":{"rendered":"https:\/\/khhd.preview.tammen.de\/?page_id=518"},"modified":"2023-11-18T17:20:55","modified_gmt":"2023-11-18T16:20:55","slug":"kontakt","status":"publish","type":"page","link":"https:\/\/eynattener-muehle.be\/de\/kontakt\/","title":{"rendered":"Kontakt"},"content":{"rendered":"\t\t<div data-elementor-type=\"wp-page\" data-elementor-id=\"518\" class=\"elementor elementor-518\" data-elementor-post-type=\"page\">\n\t\t\t\t\t\t<section class=\"elementor-section elementor-top-section elementor-element elementor-element-6ec90f3 elementor-section-height-min-height elementor-section-full_width elementor-section-height-default elementor-section-items-middle\" data-id=\"6ec90f3\" data-element_type=\"section\" data-e-type=\"section\">\n\t\t\t\t\t\t<div class=\"elementor-container elementor-column-gap-default\">\n\t\t\t\t\t<div class=\"elementor-column elementor-col-100 elementor-top-column elementor-element elementor-element-eb427ee\" data-id=\"eb427ee\" data-element_type=\"column\" data-e-type=\"column\">\n\t\t\t<div class=\"elementor-widget-wrap elementor-element-populated\">\n\t\t\t\t\t\t<div class=\"elementor-element elementor-element-fe06d6c elementor-widget elementor-widget-image\" data-id=\"fe06d6c\" data-element_type=\"widget\" data-e-type=\"widget\" data-widget_type=\"image.default\">\n\t\t\t\t<div class=\"elementor-widget-container\">\n\t\t\t\t\t\t\t\t\t\t\t\t<figure class=\"wp-caption\">\n\t\t\t\t\t\t\t\t\t\t<img fetchpriority=\"high\" decoding=\"async\" width=\"1920\" height=\"520\" src=\"https:\/\/eynattener-muehle.be\/wp-content\/uploads\/2023\/10\/diverses-Eynattener-Muehle-01-4.jpg\" class=\"attachment-full size-full wp-image-9666\" alt=\"\" srcset=\"https:\/\/eynattener-muehle.be\/wp-content\/uploads\/2023\/10\/diverses-Eynattener-Muehle-01-4.jpg 1920w, https:\/\/eynattener-muehle.be\/wp-content\/uploads\/2023\/10\/diverses-Eynattener-Muehle-01-4-300x81.jpg 300w, https:\/\/eynattener-muehle.be\/wp-content\/uploads\/2023\/10\/diverses-Eynattener-Muehle-01-4-1024x277.jpg 1024w, https:\/\/eynattener-muehle.be\/wp-content\/uploads\/2023\/10\/diverses-Eynattener-Muehle-01-4-150x41.jpg 150w, https:\/\/eynattener-muehle.be\/wp-content\/uploads\/2023\/10\/diverses-Eynattener-Muehle-01-4-768x208.jpg 768w, https:\/\/eynattener-muehle.be\/wp-content\/uploads\/2023\/10\/diverses-Eynattener-Muehle-01-4-1536x416.jpg 1536w\" sizes=\"(max-width: 1920px) 100vw, 1920px\" \/>\t\t\t\t\t\t\t\t\t\t\t<figcaption class=\"widget-image-caption wp-caption-text\"><\/figcaption>\n\t\t\t\t\t\t\t\t\t\t<\/figure>\n\t\t\t\t\t\t\t\t\t<\/div>\n\t\t\t\t<\/div>\n\t\t\t\t\t<\/div>\n\t\t<\/div>\n\t\t\t\t\t<\/div>\n\t\t<\/section>\n\t\t\t\t<section class=\"elementor-section elementor-top-section elementor-element elementor-element-bd56238 elementor-section-boxed elementor-section-height-default elementor-section-height-default\" data-id=\"bd56238\" data-element_type=\"section\" data-e-type=\"section\">\n\t\t\t\t\t\t<div class=\"elementor-container elementor-column-gap-default\">\n\t\t\t\t\t<div class=\"elementor-column elementor-col-100 elementor-top-column elementor-element elementor-element-35cf3ae\" data-id=\"35cf3ae\" data-element_type=\"column\" data-e-type=\"column\">\n\t\t\t<div class=\"elementor-widget-wrap elementor-element-populated\">\n\t\t\t\t\t\t<div class=\"elementor-element elementor-element-95be673 elementor-widget elementor-widget-heading\" data-id=\"95be673\" data-element_type=\"widget\" data-e-type=\"widget\" data-widget_type=\"heading.default\">\n\t\t\t\t<div class=\"elementor-widget-container\">\n\t\t\t\t\t<h1 class=\"elementor-heading-title elementor-size-default\">Kontakt<\/h1>\t\t\t\t<\/div>\n\t\t\t\t<\/div>\n\t\t\t\t<div class=\"elementor-element elementor-element-6f4281c elementor-widget elementor-widget-image\" data-id=\"6f4281c\" data-element_type=\"widget\" data-e-type=\"widget\" data-widget_type=\"image.default\">\n\t\t\t\t<div class=\"elementor-widget-container\">\n\t\t\t\t\t\t\t\t\t\t\t\t\t\t\t<img decoding=\"async\" src=\"https:\/\/eynattener-muehle.be\/wp-content\/uploads\/2021\/02\/trenner_casa_maria_d_lago_purpurrot_duenn.svg\" class=\"attachment-full size-full wp-image-3679\" alt=\"\" \/>\t\t\t\t\t\t\t\t\t\t\t\t\t\t\t<\/div>\n\t\t\t\t<\/div>\n\t\t\t\t<div class=\"elementor-element elementor-element-08c4aa4 elementor-widget elementor-widget-text-editor\" data-id=\"08c4aa4\" data-element_type=\"widget\" data-e-type=\"widget\" data-widget_type=\"text-editor.default\">\n\t\t\t\t<div class=\"elementor-widget-container\">\n\t\t\t\t\t\t\t\t\t<p><strong>EYNATTENER M\u00dcHLE<\/strong><br \/>Eynattener M\u00fchle 8<br \/>4731 Eynatten<br \/>BELGIEN<\/p>\n<p><a href=\"mailto:contact@eynattener-muehle.be?subject=Anfrage%20Ferien-Wohnung\/Ferien-Haus%20EYNATTENER%20M\u00dcHLE%20.%20EYNATTEN\" target=\"_blank\" rel=\"noopener\">contact@eynattener-muehle.be<\/a><br \/>www.eynattener-muehle.be<\/p>\n<p>Die Ferien-Wohnungen\/das Ferienhaus EYNATTENER M\u00dcHLE k\u00f6nnen das ganze Jahr gebucht werden.<\/p>\n<p>CHECK<strong>IN <\/strong>. ab 15.00 Uhr<br \/>Sp\u00e4tanreise ist kein Problem. Sie nutzen unseren Schl\u00fcsseltresor.<\/p>\n<p>CHECK<strong>OUT<\/strong> . bis 11.00 Uhr<\/p>\n<p><span style=\"color: #ff0000;\"><b>Anreise<\/b> . Aachener Stra\u00dfe 109 . 4731 Eynatten . Belgien<\/span><\/p>\t\t\t\t\t\t\t\t<\/div>\n\t\t\t\t<\/div>\n\t\t\t\t\t<\/div>\n\t\t<\/div>\n\t\t\t\t\t<\/div>\n\t\t<\/section>\n\t\t\t\t<section class=\"elementor-section elementor-top-section elementor-element elementor-element-907371d elementor-section-boxed elementor-section-height-default elementor-section-height-default\" data-id=\"907371d\" data-element_type=\"section\" data-e-type=\"section\">\n\t\t\t\t\t\t<div class=\"elementor-container elementor-column-gap-default\">\n\t\t\t\t\t<div class=\"elementor-column elementor-col-100 elementor-top-column elementor-element elementor-element-3854ccf\" data-id=\"3854ccf\" data-element_type=\"column\" data-e-type=\"column\">\n\t\t\t<div class=\"elementor-widget-wrap elementor-element-populated\">\n\t\t\t\t\t\t<div class=\"elementor-element elementor-element-b05ba03 elementor-widget elementor-widget-google_maps\" data-id=\"b05ba03\" data-element_type=\"widget\" data-e-type=\"widget\" data-widget_type=\"google_maps.default\">\n\t\t\t\t<div class=\"elementor-widget-container\">\n\t\t\t\t\t\t\t<div class=\"elementor-custom-embed\">\n\t\t\t <div class=\"brlbs-cmpnt-container brlbs-cmpnt-content-blocker brlbs-cmpnt-with-individual-styles\" data-borlabs-cookie-content-blocker-id=\"google-maps\" data-borlabs-cookie-content=\"PGlmcmFtZSBsb2FkaW5nPSJsYXp5IgoJCQkJCXNyYz0iaHR0cHM6Ly9tYXBzLmdvb2dsZS5jb20vbWFwcz9xPUV5bmF0dGVuZXIlMjBNJUMzJUJDaGxlJTIwMTIlMjAuJTIwNDczMSUyMEV5bmF0dGVuJTIwLiUyMEJFTEdJRU4mIzAzODt0PW0mIzAzODt6PTExJiMwMzg7b3V0cHV0PWVtYmVkJiMwMzg7aXdsb2M9bmVhciIKCQkJCQl0aXRsZT0iRXluYXR0ZW5lciBNw7xobGUgMTIgLiA0NzMxIEV5bmF0dGVuIC4gQkVMR0lFTiIKCQkJCQlhcmlhLWxhYmVsPSJFeW5hdHRlbmVyIE3DvGhsZSAxMiAuIDQ3MzEgRXluYXR0ZW4gLiBCRUxHSUVOIgoJCQk+PC9pZnJhbWU+\"><div class=\"brlbs-cmpnt-cb-preset-b brlbs-cmpnt-cb-google-maps\"> <div class=\"brlbs-cmpnt-cb-thumbnail\" style=\"background-image: url('https:\/\/eynattener-muehle.be\/wp-content\/uploads\/borlabs-cookie\/1\/brlbs-cb-google-maps-main.png')\"><\/div> <div class=\"brlbs-cmpnt-cb-main\"> <div class=\"brlbs-cmpnt-cb-content\"> <p class=\"brlbs-cmpnt-cb-description\">Sie sehen gerade einen Platzhalterinhalt von <strong>Google Maps<\/strong>. Um auf den eigentlichen Inhalt zuzugreifen, klicken Sie auf die Schaltfl\u00e4che unten. Bitte beachten Sie, dass dabei Daten an Drittanbieter weitergegeben werden.<\/p> <a class=\"brlbs-cmpnt-cb-provider-toggle\" href=\"#\" data-borlabs-cookie-show-provider-information role=\"button\">Mehr Informationen<\/a> <\/div> <div class=\"brlbs-cmpnt-cb-buttons\"> <a class=\"brlbs-cmpnt-cb-btn\" href=\"#\" data-borlabs-cookie-unblock role=\"button\">Inhalt entsperren<\/a> <a class=\"brlbs-cmpnt-cb-btn\" href=\"#\" data-borlabs-cookie-accept-service role=\"button\" style=\"display: inherit\">Erforderlichen Service akzeptieren und Inhalte entsperren<\/a> <\/div> <\/div> <\/div><\/div>\n\t\t<\/div>\n\t\t\t\t\t\t<\/div>\n\t\t\t\t<\/div>\n\t\t\t\t\t<\/div>\n\t\t<\/div>\n\t\t\t\t\t<\/div>\n\t\t<\/section>\n\t\t\t\t<section class=\"elementor-section elementor-top-section elementor-element elementor-element-6a6bba2 elementor-section-boxed elementor-section-height-default elementor-section-height-default\" data-id=\"6a6bba2\" data-element_type=\"section\" data-e-type=\"section\">\n\t\t\t\t\t\t<div class=\"elementor-container elementor-column-gap-default\">\n\t\t\t\t\t<div class=\"elementor-column elementor-col-100 elementor-top-column elementor-element elementor-element-e4b289b\" data-id=\"e4b289b\" data-element_type=\"column\" data-e-type=\"column\">\n\t\t\t<div class=\"elementor-widget-wrap elementor-element-populated\">\n\t\t\t\t\t\t<div class=\"elementor-element elementor-element-bbcb4f5 elementor-widget elementor-widget-template\" data-id=\"bbcb4f5\" data-element_type=\"widget\" data-e-type=\"widget\" data-widget_type=\"template.default\">\n\t\t\t\t<div class=\"elementor-widget-container\">\n\t\t\t\t\t\t\t<div class=\"elementor-template\">\n\t\t\t\t\t<div data-elementor-type=\"section\" data-elementor-id=\"6771\" class=\"elementor elementor-6771\" data-elementor-post-type=\"elementor_library\">\n\t\t\t\t\t<section class=\"elementor-section elementor-top-section elementor-element elementor-element-5815f7f elementor-section-boxed elementor-section-height-default elementor-section-height-default\" data-id=\"5815f7f\" data-element_type=\"section\" data-e-type=\"section\">\n\t\t\t\t\t\t<div class=\"elementor-container elementor-column-gap-default\">\n\t\t\t\t\t<div class=\"elementor-column elementor-col-100 elementor-top-column elementor-element elementor-element-d5735f2\" data-id=\"d5735f2\" data-element_type=\"column\" data-e-type=\"column\">\n\t\t\t<div class=\"elementor-widget-wrap\">\n\t\t\t\t\t\t\t<\/div>\n\t\t<\/div>\n\t\t\t\t\t<\/div>\n\t\t<\/section>\n\t\t\t\t<\/div>\n\t\t\t\t<\/div>\n\t\t\t\t\t\t<\/div>\n\t\t\t\t<\/div>\n\t\t\t\t\t<\/div>\n\t\t<\/div>\n\t\t\t\t\t<\/div>\n\t\t<\/section>\n\t\t\t\t<\/div>\n\t\t","protected":false},"excerpt":{"rendered":"<p>EYNATTENER M\u00dcHLEEynattener M\u00fchle 84731 EynattenBELGIEN contact@eynattener-muehle.bewww.eynattener-muehle.be Die Ferien-Wohnungen\/das Ferienhaus EYNATTENER M\u00dcHLE k\u00f6nnen das ganze Jahr gebucht werden. CHECKIN . ab 15.00 UhrSp\u00e4tanreise ist kein Problem. Sie nutzen unseren Schl\u00fcsseltresor. CHECKOUT . bis 11.00 Uhr Anreise . Aachener Stra\u00dfe 109 . 4731 Eynatten . Belgien Sie sehen gerade einen Platzhalterinhalt von Google Maps. Um auf den [&hellip;]<\/p>\n","protected":false},"author":1,"featured_media":9666,"parent":0,"menu_order":88,"comment_status":"closed","ping_status":"closed","template":"elementor_header_footer","meta":{"_acf_changed":false,"footnotes":""},"class_list":["post-518","page","type-page","status-publish","has-post-thumbnail","hentry"],"acf":[],"_links":{"self":[{"href":"https:\/\/eynattener-muehle.be\/de\/wp-json\/wp\/v2\/pages\/518","targetHints":{"allow":["GET"]}}],"collection":[{"href":"https:\/\/eynattener-muehle.be\/de\/wp-json\/wp\/v2\/pages"}],"about":[{"href":"https:\/\/eynattener-muehle.be\/de\/wp-json\/wp\/v2\/types\/page"}],"author":[{"embeddable":true,"href":"https:\/\/eynattener-muehle.be\/de\/wp-json\/wp\/v2\/users\/1"}],"replies":[{"embeddable":true,"href":"https:\/\/eynattener-muehle.be\/de\/wp-json\/wp\/v2\/comments?post=518"}],"version-history":[{"count":2,"href":"https:\/\/eynattener-muehle.be\/de\/wp-json\/wp\/v2\/pages\/518\/revisions"}],"predecessor-version":[{"id":17461,"href":"https:\/\/eynattener-muehle.be\/de\/wp-json\/wp\/v2\/pages\/518\/revisions\/17461"}],"wp:featuredmedia":[{"embeddable":true,"href":"https:\/\/eynattener-muehle.be\/de\/wp-json\/wp\/v2\/media\/9666"}],"wp:attachment":[{"href":"https:\/\/eynattener-muehle.be\/de\/wp-json\/wp\/v2\/media?parent=518"}],"curies":[{"name":"wp","href":"https:\/\/api.w.org\/{rel}","templated":true}]}}