{"id":3518,"date":"2021-02-11T16:23:20","date_gmt":"2021-02-11T15:23:20","guid":{"rendered":"https:\/\/mbac.preview.tammen.de\/?page_id=3518"},"modified":"2024-01-16T16:06:13","modified_gmt":"2024-01-16T15:06:13","slug":"gastgeber","status":"publish","type":"page","link":"https:\/\/eynattener-muehle.be\/de\/gastgeber\/","title":{"rendered":"Gastgeber"},"content":{"rendered":"\t\t<div data-elementor-type=\"wp-page\" data-elementor-id=\"3518\" class=\"elementor elementor-3518\" data-elementor-post-type=\"page\">\n\t\t\t\t\t\t<section class=\"elementor-section elementor-top-section elementor-element elementor-element-1c05653 elementor-section-height-min-height elementor-section-full_width elementor-section-height-default elementor-section-items-middle\" data-id=\"1c05653\" data-element_type=\"section\" data-e-type=\"section\">\n\t\t\t\t\t\t<div class=\"elementor-container elementor-column-gap-default\">\n\t\t\t\t\t<div class=\"elementor-column elementor-col-100 elementor-top-column elementor-element elementor-element-25c572f\" data-id=\"25c572f\" data-element_type=\"column\" data-e-type=\"column\">\n\t\t\t<div class=\"elementor-widget-wrap elementor-element-populated\">\n\t\t\t\t\t\t<div class=\"elementor-element elementor-element-2316177 elementor-widget elementor-widget-image\" data-id=\"2316177\" data-element_type=\"widget\" data-e-type=\"widget\" data-widget_type=\"image.default\">\n\t\t\t\t<div class=\"elementor-widget-container\">\n\t\t\t\t\t\t\t\t\t\t\t\t\t\t\t<img fetchpriority=\"high\" decoding=\"async\" width=\"1400\" height=\"940\" src=\"https:\/\/eynattener-muehle.be\/wp-content\/uploads\/2023\/08\/Apartment01-Eynattener-Muehle-Belgien-Maurice-de-Boer-2023-1680px-01-06.jpg\" class=\"attachment-full size-full wp-image-9262\" alt=\"\" srcset=\"https:\/\/eynattener-muehle.be\/wp-content\/uploads\/2023\/08\/Apartment01-Eynattener-Muehle-Belgien-Maurice-de-Boer-2023-1680px-01-06.jpg 1400w, https:\/\/eynattener-muehle.be\/wp-content\/uploads\/2023\/08\/Apartment01-Eynattener-Muehle-Belgien-Maurice-de-Boer-2023-1680px-01-06-300x201.jpg 300w, https:\/\/eynattener-muehle.be\/wp-content\/uploads\/2023\/08\/Apartment01-Eynattener-Muehle-Belgien-Maurice-de-Boer-2023-1680px-01-06-1024x688.jpg 1024w, https:\/\/eynattener-muehle.be\/wp-content\/uploads\/2023\/08\/Apartment01-Eynattener-Muehle-Belgien-Maurice-de-Boer-2023-1680px-01-06-150x101.jpg 150w, https:\/\/eynattener-muehle.be\/wp-content\/uploads\/2023\/08\/Apartment01-Eynattener-Muehle-Belgien-Maurice-de-Boer-2023-1680px-01-06-768x516.jpg 768w\" sizes=\"(max-width: 1400px) 100vw, 1400px\" \/>\t\t\t\t\t\t\t\t\t\t\t\t\t\t\t<\/div>\n\t\t\t\t<\/div>\n\t\t\t\t\t<\/div>\n\t\t<\/div>\n\t\t\t\t\t<\/div>\n\t\t<\/section>\n\t\t\t\t<section class=\"elementor-section elementor-top-section elementor-element elementor-element-3023940 elementor-section-boxed elementor-section-height-default elementor-section-height-default\" data-id=\"3023940\" data-element_type=\"section\" data-e-type=\"section\">\n\t\t\t\t\t\t<div class=\"elementor-container elementor-column-gap-default\">\n\t\t\t\t\t<div class=\"elementor-column elementor-col-100 elementor-top-column elementor-element elementor-element-45ca855\" data-id=\"45ca855\" data-element_type=\"column\" data-e-type=\"column\">\n\t\t\t<div class=\"elementor-widget-wrap elementor-element-populated\">\n\t\t\t\t\t\t<div class=\"elementor-element elementor-element-0161a2e elementor-widget elementor-widget-spacer\" data-id=\"0161a2e\" data-element_type=\"widget\" data-e-type=\"widget\" data-widget_type=\"spacer.default\">\n\t\t\t\t<div class=\"elementor-widget-container\">\n\t\t\t\t\t\t\t<div class=\"elementor-spacer\">\n\t\t\t<div class=\"elementor-spacer-inner\"><\/div>\n\t\t<\/div>\n\t\t\t\t\t\t<\/div>\n\t\t\t\t<\/div>\n\t\t\t\t<div class=\"elementor-element elementor-element-0f4b61f elementor-widget elementor-widget-heading\" data-id=\"0f4b61f\" data-element_type=\"widget\" data-e-type=\"widget\" data-widget_type=\"heading.default\">\n\t\t\t\t<div class=\"elementor-widget-container\">\n\t\t\t\t\t<h1 class=\"elementor-heading-title elementor-size-default\">Ihre Gastgeber<\/h1>\t\t\t\t<\/div>\n\t\t\t\t<\/div>\n\t\t\t\t<div class=\"elementor-element elementor-element-815832e elementor-widget elementor-widget-image\" data-id=\"815832e\" data-element_type=\"widget\" data-e-type=\"widget\" data-widget_type=\"image.default\">\n\t\t\t\t<div class=\"elementor-widget-container\">\n\t\t\t\t\t\t\t\t\t\t\t\t\t\t\t<img decoding=\"async\" src=\"https:\/\/eynattener-muehle.be\/wp-content\/uploads\/2021\/02\/trenner_casa_maria_d_lago_terracotta_duenn.svg\" class=\"attachment-full size-full wp-image-3689\" alt=\"\" \/>\t\t\t\t\t\t\t\t\t\t\t\t\t\t\t<\/div>\n\t\t\t\t<\/div>\n\t\t\t\t<div class=\"elementor-element elementor-element-7bd6791 elementor-widget elementor-widget-text-editor\" data-id=\"7bd6791\" data-element_type=\"widget\" data-e-type=\"widget\" data-widget_type=\"text-editor.default\">\n\t\t\t\t<div class=\"elementor-widget-container\">\n\t\t\t\t\t\t\t\t\t<p>Hier in Eynatten\/Belgien unweit der deutschen Grenze bei Aachen haben wir uns mit unserer EYNATTENER M\u00dcHLE ein privates Refugium geschaffen \u2013 historisch, anspruchsvoll, zur\u00fcckgezogen. In zwei Fl\u00fcgeln der Hofanlage haben wir eine gem\u00fctliche Ferien-Wohnung und ein ebensolches Ferien-Haus eingerichtet. Gerne \u00fcberlassen wir sie anspruchsvollen G\u00e4sten zur Miete, die das besondere Ambiente dieses Ortes zu sch\u00e4tzen wissen und respektieren.<\/p>\n<p>F\u00fcr unsere G\u00e4ste\u00a0<span style=\"font-size: 1.1em;\">sind wir immer<\/span><span style=\"font-size: 1.1em;\">\u00a0<\/span><span style=\"font-size: 1.1em;\">erreichbar.<br \/><\/span>Wir sprechen Deutsch, English und Nederlands.<\/p>\n<p><i>Birgit &amp; Maurice de Boer<\/i><\/p>\t\t\t\t\t\t\t\t<\/div>\n\t\t\t\t<\/div>\n\t\t\t\t\t<\/div>\n\t\t<\/div>\n\t\t\t\t\t<\/div>\n\t\t<\/section>\n\t\t\t\t<section class=\"elementor-section elementor-top-section elementor-element elementor-element-357ea3e elementor-section-content-space-between elementor-section-boxed elementor-section-height-default elementor-section-height-default\" data-id=\"357ea3e\" data-element_type=\"section\" data-e-type=\"section\">\n\t\t\t\t\t\t<div class=\"elementor-container elementor-column-gap-default\">\n\t\t\t\t\t<div class=\"elementor-column elementor-col-100 elementor-top-column elementor-element elementor-element-4219f2e\" data-id=\"4219f2e\" data-element_type=\"column\" data-e-type=\"column\">\n\t\t\t<div class=\"elementor-widget-wrap elementor-element-populated\">\n\t\t\t\t\t\t<section class=\"elementor-section elementor-inner-section elementor-element elementor-element-becb4d9 elementor-section-boxed elementor-section-height-default elementor-section-height-default\" data-id=\"becb4d9\" data-element_type=\"section\" data-e-type=\"section\">\n\t\t\t\t\t\t<div class=\"elementor-container elementor-column-gap-default\">\n\t\t\t\t\t<div class=\"elementor-column elementor-col-100 elementor-inner-column elementor-element elementor-element-7049891\" data-id=\"7049891\" data-element_type=\"column\" data-e-type=\"column\">\n\t\t\t<div class=\"elementor-widget-wrap elementor-element-populated\">\n\t\t\t\t\t\t<div class=\"elementor-element elementor-element-df32c82 elementor-widget elementor-widget-spacer\" data-id=\"df32c82\" data-element_type=\"widget\" data-e-type=\"widget\" data-widget_type=\"spacer.default\">\n\t\t\t\t<div class=\"elementor-widget-container\">\n\t\t\t\t\t\t\t<div class=\"elementor-spacer\">\n\t\t\t<div class=\"elementor-spacer-inner\"><\/div>\n\t\t<\/div>\n\t\t\t\t\t\t<\/div>\n\t\t\t\t<\/div>\n\t\t\t\t\t<\/div>\n\t\t<\/div>\n\t\t\t\t\t<\/div>\n\t\t<\/section>\n\t\t\t\t\t<\/div>\n\t\t<\/div>\n\t\t\t\t\t<\/div>\n\t\t<\/section>\n\t\t\t\t<\/div>\n\t\t","protected":false},"excerpt":{"rendered":"<p>Ihre Gastgeber Hier in Eynatten\/Belgien unweit der deutschen Grenze bei Aachen haben wir uns mit unserer EYNATTENER M\u00dcHLE ein privates Refugium geschaffen \u2013 historisch, anspruchsvoll, zur\u00fcckgezogen. In zwei Fl\u00fcgeln der Hofanlage haben wir eine gem\u00fctliche Ferien-Wohnung und ein ebensolches Ferien-Haus eingerichtet. Gerne \u00fcberlassen wir sie anspruchsvollen G\u00e4sten zur Miete, die das besondere Ambiente dieses Ortes [&hellip;]<\/p>\n","protected":false},"author":1,"featured_media":0,"parent":0,"menu_order":19,"comment_status":"closed","ping_status":"closed","template":"elementor_header_footer","meta":{"_acf_changed":false,"footnotes":""},"class_list":["post-3518","page","type-page","status-publish","hentry"],"acf":[],"_links":{"self":[{"href":"https:\/\/eynattener-muehle.be\/de\/wp-json\/wp\/v2\/pages\/3518","targetHints":{"allow":["GET"]}}],"collection":[{"href":"https:\/\/eynattener-muehle.be\/de\/wp-json\/wp\/v2\/pages"}],"about":[{"href":"https:\/\/eynattener-muehle.be\/de\/wp-json\/wp\/v2\/types\/page"}],"author":[{"embeddable":true,"href":"https:\/\/eynattener-muehle.be\/de\/wp-json\/wp\/v2\/users\/1"}],"replies":[{"embeddable":true,"href":"https:\/\/eynattener-muehle.be\/de\/wp-json\/wp\/v2\/comments?post=3518"}],"version-history":[{"count":2,"href":"https:\/\/eynattener-muehle.be\/de\/wp-json\/wp\/v2\/pages\/3518\/revisions"}],"predecessor-version":[{"id":21143,"href":"https:\/\/eynattener-muehle.be\/de\/wp-json\/wp\/v2\/pages\/3518\/revisions\/21143"}],"wp:attachment":[{"href":"https:\/\/eynattener-muehle.be\/de\/wp-json\/wp\/v2\/media?parent=3518"}],"curies":[{"name":"wp","href":"https:\/\/api.w.org\/{rel}","templated":true}]}}